{"id":50283,"date":"2025-08-07T09:28:37","date_gmt":"2025-08-07T09:28:37","guid":{"rendered":"https:\/\/boopit.net\/paviwood\/?page_id=50283"},"modified":"2026-02-20T11:57:08","modified_gmt":"2026-02-20T11:57:08","slug":"brands-bona","status":"publish","type":"page","link":"https:\/\/boopit.net\/paviwood\/brands-bona\/","title":{"rendered":"Bona"},"content":{"rendered":"\t\t<div data-elementor-type=\"wp-post\" data-elementor-id=\"50283\" class=\"elementor elementor-50283\" data-elementor-post-type=\"page\">\n\t\t\t\t<div class=\"elementor-element elementor-element-755b662 e-flex e-con-boxed wpr-particle-no wpr-jarallax-no wpr-parallax-no wpr-sticky-section-no e-con e-parent\" data-id=\"755b662\" data-element_type=\"container\">\n\t\t\t\t\t<div class=\"e-con-inner\">\n\t\t\t\t<div class=\"elementor-element elementor-element-c4b0e78 elementor-widget elementor-widget-image\" data-id=\"c4b0e78\" data-element_type=\"widget\" data-widget_type=\"image.default\">\n\t\t\t\t\t\t\t\t\t\t\t\t\t\t\t<img loading=\"lazy\" decoding=\"async\" width=\"1024\" height=\"576\" src=\"https:\/\/boopit.net\/paviwood\/wp-content\/uploads\/2025\/07\/Bona-1-1024x576.png\" class=\"attachment-large size-large wp-image-50042\" alt=\"\" \/>\t\t\t\t\t\t\t\t\t\t\t\t\t\t\t<\/div>\n\t\t\t\t\t<\/div>\n\t\t\t\t<\/div>\n\t\t<div class=\"elementor-element elementor-element-478dc37 e-flex e-con-boxed wpr-particle-no wpr-jarallax-no wpr-parallax-no wpr-sticky-section-no e-con e-parent\" data-id=\"478dc37\" data-element_type=\"container\">\n\t\t\t\t\t<div class=\"e-con-inner\">\n\t\t<div class=\"elementor-element elementor-element-121c829 e-con-full e-flex wpr-particle-no wpr-jarallax-no wpr-parallax-no wpr-sticky-section-no e-con e-child\" data-id=\"121c829\" data-element_type=\"container\">\n\t\t\t\t<div class=\"elementor-element elementor-element-9d2687a elementor-widget elementor-widget-heading\" data-id=\"9d2687a\" data-element_type=\"widget\" data-widget_type=\"heading.default\">\n\t\t\t\t\t<h2 class=\"elementor-heading-title elementor-size-default\">Instala\u00e7\u00e3o e renova\u00e7\u00e3o.<\/h2>\t\t\t\t<\/div>\n\t\t\t\t<div class=\"elementor-element elementor-element-c1348ad elementor-widget elementor-widget-text-editor\" data-id=\"c1348ad\" data-element_type=\"widget\" data-widget_type=\"text-editor.default\">\n\t\t\t\t\t\t\t\t\t<p>O trabalho de renova\u00e7\u00e3o e restaura\u00e7\u00e3o de pavimentos requer produtos e ferramentas que ofere\u00e7am excel\u00eancia. O nosso Sistema Bona \u00e9 um conjunto de solu\u00e7\u00f5es comprovadas, f\u00e1cil de utilizar e dur\u00e1vel para real\u00e7ar a beleza nos pavimentos.<\/p>\t\t\t\t\t\t\t\t<\/div>\n\t\t\t\t<\/div>\n\t\t<div class=\"elementor-element elementor-element-0415081 e-con-full e-flex wpr-particle-no wpr-jarallax-no wpr-parallax-no wpr-sticky-section-no e-con e-child\" data-id=\"0415081\" data-element_type=\"container\">\n\t\t\t\t<div class=\"elementor-element elementor-element-418ee96 elementor-widget elementor-widget-image\" data-id=\"418ee96\" data-element_type=\"widget\" data-widget_type=\"image.default\">\n\t\t\t\t\t\t\t\t\t\t\t\t\t\t\t<img loading=\"lazy\" decoding=\"async\" width=\"586\" height=\"345\" src=\"https:\/\/boopit.net\/paviwood\/wp-content\/uploads\/2025\/07\/drifast_stain_586x345.png\" class=\"attachment-large size-large wp-image-50086\" alt=\"\" \/>\t\t\t\t\t\t\t\t\t\t\t\t\t\t\t<\/div>\n\t\t\t\t<\/div>\n\t\t\t\t\t<\/div>\n\t\t\t\t<\/div>\n\t\t<div class=\"elementor-element elementor-element-35e9f21 e-flex e-con-boxed wpr-particle-no wpr-jarallax-no wpr-parallax-no wpr-sticky-section-no e-con e-parent\" data-id=\"35e9f21\" data-element_type=\"container\">\n\t\t\t\t\t<div class=\"e-con-inner\">\n\t\t\t\t<div class=\"elementor-element elementor-element-becb7cf elementor-widget elementor-widget-heading\" data-id=\"becb7cf\" data-element_type=\"widget\" data-widget_type=\"heading.default\">\n\t\t\t\t\t<h2 class=\"elementor-heading-title elementor-size-default\">Cat\u00e1logos<\/h2>\t\t\t\t<\/div>\n\t\t\t\t\t<\/div>\n\t\t\t\t<\/div>\n\t\t<div class=\"elementor-element elementor-element-52bc7cb e-flex e-con-boxed wpr-particle-no wpr-jarallax-no wpr-parallax-no wpr-sticky-section-no e-con e-parent\" data-id=\"52bc7cb\" data-element_type=\"container\">\n\t\t\t\t\t<div class=\"e-con-inner\">\n\t\t<div class=\"elementor-element elementor-element-26404a3 e-con-full e-flex wpr-particle-no wpr-jarallax-no wpr-parallax-no wpr-sticky-section-no e-con e-child\" data-id=\"26404a3\" data-element_type=\"container\">\n\t\t\t\t<div class=\"elementor-element elementor-element-78ca781 elementor-widget elementor-widget-image\" data-id=\"78ca781\" data-element_type=\"widget\" data-widget_type=\"image.default\">\n\t\t\t\t\t\t\t\t\t\t\t\t\t\t\t\t<a href=\"https:\/\/boopit.net\/paviwood\/wp-content\/uploads\/2026\/02\/11-Acessorios-Carpintaria-BONA.pdf\" target=\"_blank\">\n\t\t\t\t\t\t\t<img loading=\"lazy\" decoding=\"async\" width=\"299\" height=\"421\" src=\"https:\/\/boopit.net\/paviwood\/wp-content\/uploads\/2026\/02\/capa-22.png\" class=\"attachment-full size-full wp-image-52067\" alt=\"\" \/>\t\t\t\t\t\t\t\t<\/a>\n\t\t\t\t\t\t\t\t\t\t\t\t\t\t\t<\/div>\n\t\t\t\t<div class=\"elementor-element elementor-element-0c68aa9 elementor-widget elementor-widget-heading\" data-id=\"0c68aa9\" data-element_type=\"widget\" data-widget_type=\"heading.default\">\n\t\t\t\t\t<h2 class=\"elementor-heading-title elementor-size-default\"><a href=\"https:\/\/boopit.net\/paviwood\/wp-content\/uploads\/2026\/02\/11-Acessorios-Carpintaria-BONA.pdf\" target=\"_blank\">Acess\u00f3rios Carpintaria BONA<\/a><\/h2>\t\t\t\t<\/div>\n\t\t\t\t<\/div>\n\t\t<div class=\"elementor-element elementor-element-e4f17aa e-con-full e-flex wpr-particle-no wpr-jarallax-no wpr-parallax-no wpr-sticky-section-no e-con e-child\" data-id=\"e4f17aa\" data-element_type=\"container\">\n\t\t\t\t<\/div>\n\t\t<div class=\"elementor-element elementor-element-8ae8668 e-con-full e-flex wpr-particle-no wpr-jarallax-no wpr-parallax-no wpr-sticky-section-no e-con e-child\" data-id=\"8ae8668\" data-element_type=\"container\">\n\t\t\t\t<\/div>\n\t\t\t\t\t<\/div>\n\t\t\t\t<\/div>\n\t\t\t\t<\/div>\n\t\t","protected":false},"excerpt":{"rendered":"<p>Instala\u00e7\u00e3o e renova\u00e7\u00e3o. O trabalho de renova\u00e7\u00e3o e restaura\u00e7\u00e3o de pavimentos requer produtos e ferramentas que ofere\u00e7am excel\u00eancia. O nosso Sistema Bona \u00e9 um conjunto de solu\u00e7\u00f5es comprovadas, f\u00e1cil de utilizar e dur\u00e1vel para real\u00e7ar a beleza nos pavimentos. Cat\u00e1logos Acess\u00f3rios Carpintaria BONA<\/p>\n","protected":false},"author":1,"featured_media":0,"parent":0,"menu_order":0,"comment_status":"closed","ping_status":"closed","template":"","meta":{"_acf_changed":false,"_eb_attr":"","pagelayer_contact_templates":[],"_pagelayer_content":"","footnotes":""},"categoria":[],"class_list":["post-50283","page","type-page","status-publish","hentry"],"acf":[],"_links":{"self":[{"href":"https:\/\/boopit.net\/paviwood\/wp-json\/wp\/v2\/pages\/50283","targetHints":{"allow":["GET"]}}],"collection":[{"href":"https:\/\/boopit.net\/paviwood\/wp-json\/wp\/v2\/pages"}],"about":[{"href":"https:\/\/boopit.net\/paviwood\/wp-json\/wp\/v2\/types\/page"}],"author":[{"embeddable":true,"href":"https:\/\/boopit.net\/paviwood\/wp-json\/wp\/v2\/users\/1"}],"replies":[{"embeddable":true,"href":"https:\/\/boopit.net\/paviwood\/wp-json\/wp\/v2\/comments?post=50283"}],"version-history":[{"count":23,"href":"https:\/\/boopit.net\/paviwood\/wp-json\/wp\/v2\/pages\/50283\/revisions"}],"predecessor-version":[{"id":52265,"href":"https:\/\/boopit.net\/paviwood\/wp-json\/wp\/v2\/pages\/50283\/revisions\/52265"}],"wp:attachment":[{"href":"https:\/\/boopit.net\/paviwood\/wp-json\/wp\/v2\/media?parent=50283"}],"wp:term":[{"taxonomy":"categoria","embeddable":true,"href":"https:\/\/boopit.net\/paviwood\/wp-json\/wp\/v2\/categoria?post=50283"}],"curies":[{"name":"wp","href":"https:\/\/api.w.org\/{rel}","templated":true}]}}