{"id":51388,"date":"2025-10-07T09:30:09","date_gmt":"2025-10-07T09:30:09","guid":{"rendered":"https:\/\/boopit.net\/paviwood\/?page_id=51388"},"modified":"2026-03-13T11:24:26","modified_gmt":"2026-03-13T11:24:26","slug":"brands-finsa","status":"publish","type":"page","link":"https:\/\/boopit.net\/paviwood\/brands-finsa\/","title":{"rendered":"Finsa"},"content":{"rendered":"\t\t<div data-elementor-type=\"wp-post\" data-elementor-id=\"51388\" class=\"elementor elementor-51388\" data-elementor-post-type=\"page\">\n\t\t\t\t<div class=\"elementor-element elementor-element-fb9ffe2 e-flex e-con-boxed wpr-particle-no wpr-jarallax-no wpr-parallax-no wpr-sticky-section-no e-con e-parent\" data-id=\"fb9ffe2\" data-element_type=\"container\">\n\t\t\t\t\t<div class=\"e-con-inner\">\n\t\t\t\t<div class=\"elementor-element elementor-element-61ac5ae elementor-widget elementor-widget-image\" data-id=\"61ac5ae\" data-element_type=\"widget\" data-widget_type=\"image.default\">\n\t\t\t\t\t\t\t\t\t\t\t\t\t\t\t<img loading=\"lazy\" decoding=\"async\" width=\"1024\" height=\"576\" src=\"https:\/\/boopit.net\/paviwood\/wp-content\/uploads\/2025\/09\/finsa-1024x576.png\" class=\"attachment-large size-large wp-image-51078\" alt=\"\" \/>\t\t\t\t\t\t\t\t\t\t\t\t\t\t\t<\/div>\n\t\t\t\t\t<\/div>\n\t\t\t\t<\/div>\n\t\t<div class=\"elementor-element elementor-element-81e9def e-flex e-con-boxed wpr-particle-no wpr-jarallax-no wpr-parallax-no wpr-sticky-section-no e-con e-parent\" data-id=\"81e9def\" data-element_type=\"container\">\n\t\t\t\t\t<div class=\"e-con-inner\">\n\t\t<div class=\"elementor-element elementor-element-99871f0 e-con-full e-flex wpr-particle-no wpr-jarallax-no wpr-parallax-no wpr-sticky-section-no e-con e-child\" data-id=\"99871f0\" data-element_type=\"container\">\n\t\t\t\t<div class=\"elementor-element elementor-element-d2e2639 elementor-widget elementor-widget-heading\" data-id=\"d2e2639\" data-element_type=\"widget\" data-widget_type=\"heading.default\">\n\t\t\t\t\t<h2 class=\"elementor-heading-title elementor-size-default\">Pavimento com origem, futuro e prop\u00f3sito.<\/h2>\t\t\t\t<\/div>\n\t\t\t\t<div class=\"elementor-element elementor-element-2bb3b0c elementor-widget elementor-widget-text-editor\" data-id=\"2bb3b0c\" data-element_type=\"widget\" data-widget_type=\"text-editor.default\">\n\t\t\t\t\t\t\t\t\t<p>O <strong data-start=\"2\" data-end=\"20\">Pavimento Finsa<\/strong> \u00e9 sin\u00f3nimo de inova\u00e7\u00e3o, qualidade e respeito pela natureza. Com d\u00e9cadas de experi\u00eancia, a marca combina tradi\u00e7\u00e3o e tecnologia para criar solu\u00e7\u00f5es sustent\u00e1veis que transformam espa\u00e7os e inspiram projetos.<\/p>\t\t\t\t\t\t\t\t<\/div>\n\t\t\t\t<\/div>\n\t\t<div class=\"elementor-element elementor-element-098b23e e-con-full e-flex wpr-particle-no wpr-jarallax-no wpr-parallax-no wpr-sticky-section-no e-con e-child\" data-id=\"098b23e\" data-element_type=\"container\">\n\t\t\t\t<div class=\"elementor-element elementor-element-23900c0 elementor-widget elementor-widget-image\" data-id=\"23900c0\" data-element_type=\"widget\" data-widget_type=\"image.default\">\n\t\t\t\t\t\t\t\t\t\t\t\t\t\t\t<img loading=\"lazy\" decoding=\"async\" width=\"1024\" height=\"683\" src=\"https:\/\/boopit.net\/paviwood\/wp-content\/uploads\/2025\/10\/pexels-heyho-6489097-1024x683.jpg\" class=\"attachment-large size-large wp-image-51389\" alt=\"\" \/>\t\t\t\t\t\t\t\t\t\t\t\t\t\t\t<\/div>\n\t\t\t\t<\/div>\n\t\t\t\t\t<\/div>\n\t\t\t\t<\/div>\n\t\t<div class=\"elementor-element elementor-element-3cc7e4f e-flex e-con-boxed wpr-particle-no wpr-jarallax-no wpr-parallax-no wpr-sticky-section-no e-con e-parent\" data-id=\"3cc7e4f\" data-element_type=\"container\">\n\t\t\t\t\t<div class=\"e-con-inner\">\n\t\t\t\t<div class=\"elementor-element elementor-element-1a2ea3a elementor-widget elementor-widget-heading\" data-id=\"1a2ea3a\" data-element_type=\"widget\" data-widget_type=\"heading.default\">\n\t\t\t\t\t<h2 class=\"elementor-heading-title elementor-size-default\">Cat\u00e1logos<\/h2>\t\t\t\t<\/div>\n\t\t\t\t\t<\/div>\n\t\t\t\t<\/div>\n\t\t<div class=\"elementor-element elementor-element-593a1e0 e-flex e-con-boxed wpr-particle-no wpr-jarallax-no wpr-parallax-no wpr-sticky-section-no e-con e-parent\" data-id=\"593a1e0\" data-element_type=\"container\">\n\t\t\t\t\t<div class=\"e-con-inner\">\n\t\t<div class=\"elementor-element elementor-element-76ebae4 e-con-full e-flex wpr-particle-no wpr-jarallax-no wpr-parallax-no wpr-sticky-section-no e-con e-child\" data-id=\"76ebae4\" data-element_type=\"container\">\n\t\t\t\t<div class=\"elementor-element elementor-element-8a9f9b1 elementor-widget elementor-widget-image\" data-id=\"8a9f9b1\" data-element_type=\"widget\" data-widget_type=\"image.default\">\n\t\t\t\t\t\t\t\t\t\t\t\t\t\t\t\t<a href=\"https:\/\/boopit.net\/paviwood\/wp-content\/uploads\/2025\/12\/XX-1-Laminado-FINFLOOR.pdf\" target=\"_blank\">\n\t\t\t\t\t\t\t<img loading=\"lazy\" decoding=\"async\" width=\"297\" height=\"390\" src=\"https:\/\/boopit.net\/paviwood\/wp-content\/uploads\/2025\/12\/Captura-de-ecra-2025-12-22-161103.png\" class=\"attachment-full size-full wp-image-51818\" alt=\"\" \/>\t\t\t\t\t\t\t\t<\/a>\n\t\t\t\t\t\t\t\t\t\t\t\t\t\t\t<\/div>\n\t\t\t\t<div class=\"elementor-element elementor-element-3728a9b elementor-widget elementor-widget-heading\" data-id=\"3728a9b\" data-element_type=\"widget\" data-widget_type=\"heading.default\">\n\t\t\t\t\t<h2 class=\"elementor-heading-title elementor-size-default\"><a href=\"https:\/\/boopit.net\/paviwood\/wp-content\/uploads\/2025\/12\/XX-1-Laminado-FINFLOOR.pdf\" target=\"_blank\">Laminado HDF AC5\/33 e AC6\/33 | Normal e Resistante a \u00c1gua<\/a><\/h2>\t\t\t\t<\/div>\n\t\t\t\t<\/div>\n\t\t<div class=\"elementor-element elementor-element-15e2061 e-con-full e-flex wpr-particle-no wpr-jarallax-no wpr-parallax-no wpr-sticky-section-no e-con e-child\" data-id=\"15e2061\" data-element_type=\"container\">\n\t\t\t\t<\/div>\n\t\t<div class=\"elementor-element elementor-element-944ee23 e-con-full e-flex wpr-particle-no wpr-jarallax-no wpr-parallax-no wpr-sticky-section-no e-con e-child\" data-id=\"944ee23\" data-element_type=\"container\">\n\t\t\t\t<\/div>\n\t\t\t\t\t<\/div>\n\t\t\t\t<\/div>\n\t\t\t\t<\/div>\n\t\t","protected":false},"excerpt":{"rendered":"<p>Pavimento com origem, futuro e prop\u00f3sito. O Pavimento Finsa \u00e9 sin\u00f3nimo de inova\u00e7\u00e3o, qualidade e respeito pela natureza. Com d\u00e9cadas de experi\u00eancia, a marca combina tradi\u00e7\u00e3o e tecnologia para criar solu\u00e7\u00f5es sustent\u00e1veis que transformam espa\u00e7os e inspiram projetos. Cat\u00e1logos Laminado HDF AC5\/33 e AC6\/33 | Normal e Resistante a \u00c1gua<\/p>\n","protected":false},"author":1,"featured_media":0,"parent":0,"menu_order":0,"comment_status":"closed","ping_status":"closed","template":"","meta":{"_acf_changed":false,"_eb_attr":"","pagelayer_contact_templates":[],"_pagelayer_content":"","footnotes":""},"categoria":[],"class_list":["post-51388","page","type-page","status-publish","hentry"],"acf":[],"_links":{"self":[{"href":"https:\/\/boopit.net\/paviwood\/wp-json\/wp\/v2\/pages\/51388","targetHints":{"allow":["GET"]}}],"collection":[{"href":"https:\/\/boopit.net\/paviwood\/wp-json\/wp\/v2\/pages"}],"about":[{"href":"https:\/\/boopit.net\/paviwood\/wp-json\/wp\/v2\/types\/page"}],"author":[{"embeddable":true,"href":"https:\/\/boopit.net\/paviwood\/wp-json\/wp\/v2\/users\/1"}],"replies":[{"embeddable":true,"href":"https:\/\/boopit.net\/paviwood\/wp-json\/wp\/v2\/comments?post=51388"}],"version-history":[{"count":16,"href":"https:\/\/boopit.net\/paviwood\/wp-json\/wp\/v2\/pages\/51388\/revisions"}],"predecessor-version":[{"id":52655,"href":"https:\/\/boopit.net\/paviwood\/wp-json\/wp\/v2\/pages\/51388\/revisions\/52655"}],"wp:attachment":[{"href":"https:\/\/boopit.net\/paviwood\/wp-json\/wp\/v2\/media?parent=51388"}],"wp:term":[{"taxonomy":"categoria","embeddable":true,"href":"https:\/\/boopit.net\/paviwood\/wp-json\/wp\/v2\/categoria?post=51388"}],"curies":[{"name":"wp","href":"https:\/\/api.w.org\/{rel}","templated":true}]}}