{"id":51400,"date":"2025-10-07T09:41:02","date_gmt":"2025-10-07T09:41:02","guid":{"rendered":"https:\/\/boopit.net\/paviwood\/?page_id=51400"},"modified":"2026-03-09T14:41:05","modified_gmt":"2026-03-09T14:41:05","slug":"brands-floor-step","status":"publish","type":"page","link":"https:\/\/boopit.net\/paviwood\/brands-floor-step\/","title":{"rendered":"Floor Step"},"content":{"rendered":"\t\t<div data-elementor-type=\"wp-post\" data-elementor-id=\"51400\" class=\"elementor elementor-51400\" data-elementor-post-type=\"page\">\n\t\t\t\t<div class=\"elementor-element elementor-element-fb9ffe2 e-flex e-con-boxed wpr-particle-no wpr-jarallax-no wpr-parallax-no wpr-sticky-section-no e-con e-parent\" data-id=\"fb9ffe2\" data-element_type=\"container\">\n\t\t\t\t\t<div class=\"e-con-inner\">\n\t\t\t\t<div class=\"elementor-element elementor-element-61ac5ae elementor-widget elementor-widget-image\" data-id=\"61ac5ae\" data-element_type=\"widget\" data-widget_type=\"image.default\">\n\t\t\t\t\t\t\t\t\t\t\t\t\t\t\t<img loading=\"lazy\" decoding=\"async\" width=\"1024\" height=\"576\" src=\"https:\/\/boopit.net\/paviwood\/wp-content\/uploads\/2025\/09\/floorstep-1024x576.png\" class=\"attachment-large size-large wp-image-51079\" alt=\"\" \/>\t\t\t\t\t\t\t\t\t\t\t\t\t\t\t<\/div>\n\t\t\t\t\t<\/div>\n\t\t\t\t<\/div>\n\t\t<div class=\"elementor-element elementor-element-81e9def e-flex e-con-boxed wpr-particle-no wpr-jarallax-no wpr-parallax-no wpr-sticky-section-no e-con e-parent\" data-id=\"81e9def\" data-element_type=\"container\">\n\t\t\t\t\t<div class=\"e-con-inner\">\n\t\t<div class=\"elementor-element elementor-element-99871f0 e-con-full e-flex wpr-particle-no wpr-jarallax-no wpr-parallax-no wpr-sticky-section-no e-con e-child\" data-id=\"99871f0\" data-element_type=\"container\">\n\t\t\t\t<div class=\"elementor-element elementor-element-d2e2639 elementor-widget elementor-widget-heading\" data-id=\"d2e2639\" data-element_type=\"widget\" data-widget_type=\"heading.default\">\n\t\t\t\t\t<h2 class=\"elementor-heading-title elementor-size-default\">O primeiro passo para um espa\u00e7o perfeito.<\/h2>\t\t\t\t<\/div>\n\t\t\t\t<div class=\"elementor-element elementor-element-2bb3b0c elementor-widget elementor-widget-text-editor\" data-id=\"2bb3b0c\" data-element_type=\"widget\" data-widget_type=\"text-editor.default\">\n\t\t\t\t\t\t\t\t\t<p>A <strong data-start=\"2\" data-end=\"16\">Floor Step<\/strong> representa o equil\u00edbrio perfeito entre design, conforto e durabilidade. Cada piso \u00e9 desenvolvido com aten\u00e7\u00e3o ao detalhe, oferecendo solu\u00e7\u00f5es que combinam est\u00e9tica moderna, resist\u00eancia e facilidade de manuten\u00e7\u00e3o.<\/p>\t\t\t\t\t\t\t\t<\/div>\n\t\t\t\t<\/div>\n\t\t<div class=\"elementor-element elementor-element-098b23e e-con-full e-flex wpr-particle-no wpr-jarallax-no wpr-parallax-no wpr-sticky-section-no e-con e-child\" data-id=\"098b23e\" data-element_type=\"container\">\n\t\t\t\t<div class=\"elementor-element elementor-element-23900c0 elementor-widget elementor-widget-image\" data-id=\"23900c0\" data-element_type=\"widget\" data-widget_type=\"image.default\">\n\t\t\t\t\t\t\t\t\t\t\t\t\t\t\t<img loading=\"lazy\" decoding=\"async\" width=\"500\" height=\"500\" src=\"https:\/\/boopit.net\/paviwood\/wp-content\/uploads\/2025\/10\/pexels-fwstudio-33348-129731-500x500.jpg\" class=\"attachment-doweco-blog-sidebar size-doweco-blog-sidebar wp-image-51405\" alt=\"\" \/>\t\t\t\t\t\t\t\t\t\t\t\t\t\t\t<\/div>\n\t\t\t\t<\/div>\n\t\t\t\t\t<\/div>\n\t\t\t\t<\/div>\n\t\t<div class=\"elementor-element elementor-element-62e3f6d e-flex e-con-boxed wpr-particle-no wpr-jarallax-no wpr-parallax-no wpr-sticky-section-no e-con e-parent\" data-id=\"62e3f6d\" data-element_type=\"container\">\n\t\t\t\t\t<div class=\"e-con-inner\">\n\t\t\t\t<div class=\"elementor-element elementor-element-227969e elementor-widget elementor-widget-heading\" data-id=\"227969e\" data-element_type=\"widget\" data-widget_type=\"heading.default\">\n\t\t\t\t\t<h2 class=\"elementor-heading-title elementor-size-default\">Cat\u00e1logos<\/h2>\t\t\t\t<\/div>\n\t\t\t\t\t<\/div>\n\t\t\t\t<\/div>\n\t\t<div class=\"elementor-element elementor-element-731f4be e-flex e-con-boxed wpr-particle-no wpr-jarallax-no wpr-parallax-no wpr-sticky-section-no e-con e-parent\" data-id=\"731f4be\" data-element_type=\"container\">\n\t\t\t\t\t<div class=\"e-con-inner\">\n\t\t<div class=\"elementor-element elementor-element-d1b5ef8 e-con-full e-flex wpr-particle-no wpr-jarallax-no wpr-parallax-no wpr-sticky-section-no e-con e-child\" data-id=\"d1b5ef8\" data-element_type=\"container\">\n\t\t\t\t<div class=\"elementor-element elementor-element-6b21484 elementor-widget elementor-widget-image\" data-id=\"6b21484\" data-element_type=\"widget\" data-widget_type=\"image.default\">\n\t\t\t\t\t\t\t\t\t\t\t\t\t\t\t\t<a href=\"https:\/\/boopit.net\/paviwood\/wp-content\/uploads\/2026\/02\/2-Vinil-FLOOR-STEP-Vinyl-so-55-e1771501336921.jpeg\" target=\"_blank\">\n\t\t\t\t\t\t\t<img loading=\"lazy\" decoding=\"async\" width=\"299\" height=\"382\" src=\"https:\/\/boopit.net\/paviwood\/wp-content\/uploads\/2026\/02\/2-Vinil-FLOOR-STEP-Vinyl-so-55-e1771501336921.jpeg\" class=\"attachment-full size-full wp-image-51974\" alt=\"\" \/>\t\t\t\t\t\t\t\t<\/a>\n\t\t\t\t\t\t\t\t\t\t\t\t\t\t\t<\/div>\n\t\t\t\t<div class=\"elementor-element elementor-element-b29d384 elementor-widget elementor-widget-heading\" data-id=\"b29d384\" data-element_type=\"widget\" data-widget_type=\"heading.default\">\n\t\t\t\t\t<h2 class=\"elementor-heading-title elementor-size-default\"><a href=\"https:\/\/boopit.net\/paviwood\/wp-content\/uploads\/2026\/02\/2-Vinil-FLOOR-STEP-Vinyl-so-55-e1771501336921.jpeg\" target=\"_blank\">Vinil SPC 5,5mm | Wear layer: 0,55mm | Resistante a \u00c1gua<\/a><\/h2>\t\t\t\t<\/div>\n\t\t\t\t<\/div>\n\t\t<div class=\"elementor-element elementor-element-e36e3ad e-con-full e-flex wpr-particle-no wpr-jarallax-no wpr-parallax-no wpr-sticky-section-no e-con e-child\" data-id=\"e36e3ad\" data-element_type=\"container\">\n\t\t\t\t<div class=\"elementor-element elementor-element-5bd3a90 elementor-widget elementor-widget-image\" data-id=\"5bd3a90\" data-element_type=\"widget\" data-widget_type=\"image.default\">\n\t\t\t\t\t\t\t\t\t\t\t\t\t\t\t\t<a href=\"https:\/\/boopit.net\/paviwood\/wp-content\/uploads\/2026\/02\/2-Vinil-FLOOR-STEP-Vinyl-so-65.pdf\" target=\"_blank\">\n\t\t\t\t\t\t\t<img loading=\"lazy\" decoding=\"async\" width=\"299\" height=\"421\" src=\"https:\/\/boopit.net\/paviwood\/wp-content\/uploads\/2026\/02\/spcvinil.png\" class=\"attachment-full size-full wp-image-51984\" alt=\"\" \/>\t\t\t\t\t\t\t\t<\/a>\n\t\t\t\t\t\t\t\t\t\t\t\t\t\t\t<\/div>\n\t\t\t\t<div class=\"elementor-element elementor-element-2765f0a elementor-widget elementor-widget-heading\" data-id=\"2765f0a\" data-element_type=\"widget\" data-widget_type=\"heading.default\">\n\t\t\t\t\t<h2 class=\"elementor-heading-title elementor-size-default\"><a href=\"https:\/\/boopit.net\/paviwood\/wp-content\/uploads\/2026\/02\/2-Vinil-FLOOR-STEP-Vinyl-so-65.pdf\" target=\"_blank\">Vinil SPC 6,5mm | Wear layer: 0,70mm | Resistante a \u00c1gua<\/a><\/h2>\t\t\t\t<\/div>\n\t\t\t\t<\/div>\n\t\t\t\t\t<\/div>\n\t\t\t\t<\/div>\n\t\t\t\t<\/div>\n\t\t","protected":false},"excerpt":{"rendered":"<p>O primeiro passo para um espa\u00e7o perfeito. A Floor Step representa o equil\u00edbrio perfeito entre design, conforto e durabilidade. Cada piso \u00e9 desenvolvido com aten\u00e7\u00e3o ao detalhe, oferecendo solu\u00e7\u00f5es que combinam est\u00e9tica moderna, resist\u00eancia e facilidade de manuten\u00e7\u00e3o. Cat\u00e1logos Vinil SPC 5,5mm | Wear layer: 0,55mm | Resistante a \u00c1gua Vinil SPC 6,5mm | Wear layer: 0,70mm | Resistante a \u00c1gua<\/p>\n","protected":false},"author":1,"featured_media":0,"parent":0,"menu_order":0,"comment_status":"closed","ping_status":"closed","template":"","meta":{"_acf_changed":false,"_eb_attr":"","pagelayer_contact_templates":[],"_pagelayer_content":"","footnotes":""},"categoria":[],"class_list":["post-51400","page","type-page","status-publish","hentry"],"acf":[],"_links":{"self":[{"href":"https:\/\/boopit.net\/paviwood\/wp-json\/wp\/v2\/pages\/51400","targetHints":{"allow":["GET"]}}],"collection":[{"href":"https:\/\/boopit.net\/paviwood\/wp-json\/wp\/v2\/pages"}],"about":[{"href":"https:\/\/boopit.net\/paviwood\/wp-json\/wp\/v2\/types\/page"}],"author":[{"embeddable":true,"href":"https:\/\/boopit.net\/paviwood\/wp-json\/wp\/v2\/users\/1"}],"replies":[{"embeddable":true,"href":"https:\/\/boopit.net\/paviwood\/wp-json\/wp\/v2\/comments?post=51400"}],"version-history":[{"count":25,"href":"https:\/\/boopit.net\/paviwood\/wp-json\/wp\/v2\/pages\/51400\/revisions"}],"predecessor-version":[{"id":52406,"href":"https:\/\/boopit.net\/paviwood\/wp-json\/wp\/v2\/pages\/51400\/revisions\/52406"}],"wp:attachment":[{"href":"https:\/\/boopit.net\/paviwood\/wp-json\/wp\/v2\/media?parent=51400"}],"wp:term":[{"taxonomy":"categoria","embeddable":true,"href":"https:\/\/boopit.net\/paviwood\/wp-json\/wp\/v2\/categoria?post=51400"}],"curies":[{"name":"wp","href":"https:\/\/api.w.org\/{rel}","templated":true}]}}