{"id":51419,"date":"2025-10-07T10:08:01","date_gmt":"2025-10-07T10:08:01","guid":{"rendered":"https:\/\/boopit.net\/paviwood\/?page_id=51419"},"modified":"2026-03-13T11:29:03","modified_gmt":"2026-03-13T11:29:03","slug":"brands-maderasdeautor","status":"publish","type":"page","link":"https:\/\/boopit.net\/paviwood\/brands-maderasdeautor\/","title":{"rendered":"Maderas de Autor"},"content":{"rendered":"\t\t<div data-elementor-type=\"wp-post\" data-elementor-id=\"51419\" class=\"elementor elementor-51419\" data-elementor-post-type=\"page\">\n\t\t\t\t<div class=\"elementor-element elementor-element-7e10c5f e-flex e-con-boxed wpr-particle-no wpr-jarallax-no wpr-parallax-no wpr-sticky-section-no e-con e-parent\" data-id=\"7e10c5f\" data-element_type=\"container\">\n\t\t\t\t\t<div class=\"e-con-inner\">\n\t\t\t\t<div class=\"elementor-element elementor-element-b4a9af6 elementor-widget elementor-widget-image\" data-id=\"b4a9af6\" data-element_type=\"widget\" data-widget_type=\"image.default\">\n\t\t\t\t\t\t\t\t\t\t\t\t\t\t\t<img loading=\"lazy\" decoding=\"async\" width=\"1024\" height=\"576\" src=\"https:\/\/boopit.net\/paviwood\/wp-content\/uploads\/2025\/09\/maderas-de-autor-1024x576.png\" class=\"attachment-large size-large wp-image-51083\" alt=\"\" \/>\t\t\t\t\t\t\t\t\t\t\t\t\t\t\t<\/div>\n\t\t\t\t\t<\/div>\n\t\t\t\t<\/div>\n\t\t<div class=\"elementor-element elementor-element-ce018dc e-flex e-con-boxed wpr-particle-no wpr-jarallax-no wpr-parallax-no wpr-sticky-section-no e-con e-parent\" data-id=\"ce018dc\" data-element_type=\"container\">\n\t\t\t\t\t<div class=\"e-con-inner\">\n\t\t<div class=\"elementor-element elementor-element-06d15aa e-con-full e-flex wpr-particle-no wpr-jarallax-no wpr-parallax-no wpr-sticky-section-no e-con e-child\" data-id=\"06d15aa\" data-element_type=\"container\">\n\t\t\t\t<div class=\"elementor-element elementor-element-047ed39 elementor-widget elementor-widget-heading\" data-id=\"047ed39\" data-element_type=\"widget\" data-widget_type=\"heading.default\">\n\t\t\t\t\t<h2 class=\"elementor-heading-title elementor-size-default\">Cada pe\u00e7a, uma obra.<\/h2>\t\t\t\t<\/div>\n\t\t\t\t<div class=\"elementor-element elementor-element-fbb693f elementor-widget elementor-widget-text-editor\" data-id=\"fbb693f\" data-element_type=\"widget\" data-widget_type=\"text-editor.default\">\n\t\t\t\t\t\t\t\t\t<p>A <strong data-start=\"2\" data-end=\"22\">Maderas de Autor<\/strong> transforma madeira em arte, unindo tradi\u00e7\u00e3o, design e exclusividade em cada pe\u00e7a. Cada produto \u00e9 cuidadosamente trabalhado para revelar a beleza natural do material, oferecendo solu\u00e7\u00f5es \u00fanicas que valorizam qualquer espa\u00e7o.\u00a0<\/p>\t\t\t\t\t\t\t\t<\/div>\n\t\t\t\t<\/div>\n\t\t<div class=\"elementor-element elementor-element-a8bb7aa e-con-full e-flex wpr-particle-no wpr-jarallax-no wpr-parallax-no wpr-sticky-section-no e-con e-child\" data-id=\"a8bb7aa\" data-element_type=\"container\">\n\t\t\t\t<div class=\"elementor-element elementor-element-c43fcd2 elementor-widget elementor-widget-image\" data-id=\"c43fcd2\" data-element_type=\"widget\" data-widget_type=\"image.default\">\n\t\t\t\t\t\t\t\t\t\t\t\t\t\t\t<img loading=\"lazy\" decoding=\"async\" width=\"1024\" height=\"576\" src=\"https:\/\/boopit.net\/paviwood\/wp-content\/uploads\/2025\/10\/maderas-de-autor-mda-1024x576-1.avif\" class=\"attachment-large size-large wp-image-51475\" alt=\"\" \/>\t\t\t\t\t\t\t\t\t\t\t\t\t\t\t<\/div>\n\t\t\t\t<\/div>\n\t\t\t\t\t<\/div>\n\t\t\t\t<\/div>\n\t\t<div class=\"elementor-element elementor-element-e5de251 e-flex e-con-boxed wpr-particle-no wpr-jarallax-no wpr-parallax-no wpr-sticky-section-no e-con e-parent\" data-id=\"e5de251\" data-element_type=\"container\">\n\t\t\t\t\t<div class=\"e-con-inner\">\n\t\t\t\t<div class=\"elementor-element elementor-element-be756c2 elementor-widget elementor-widget-heading\" data-id=\"be756c2\" data-element_type=\"widget\" data-widget_type=\"heading.default\">\n\t\t\t\t\t<h2 class=\"elementor-heading-title elementor-size-default\">Catalogos<\/h2>\t\t\t\t<\/div>\n\t\t\t\t\t<\/div>\n\t\t\t\t<\/div>\n\t\t<div class=\"elementor-element elementor-element-6dd963e e-flex e-con-boxed wpr-particle-no wpr-jarallax-no wpr-parallax-no wpr-sticky-section-no e-con e-parent\" data-id=\"6dd963e\" data-element_type=\"container\">\n\t\t\t\t\t<div class=\"e-con-inner\">\n\t\t\t\t\t<\/div>\n\t\t\t\t<\/div>\n\t\t\t\t<\/div>\n\t\t","protected":false},"excerpt":{"rendered":"<p>Cada pe\u00e7a, uma obra. A Maderas de Autor transforma madeira em arte, unindo tradi\u00e7\u00e3o, design e exclusividade em cada pe\u00e7a. Cada produto \u00e9 cuidadosamente trabalhado para revelar a beleza natural do material, oferecendo solu\u00e7\u00f5es \u00fanicas que valorizam qualquer espa\u00e7o.\u00a0 Catalogos<\/p>\n","protected":false},"author":1,"featured_media":0,"parent":0,"menu_order":0,"comment_status":"closed","ping_status":"closed","template":"","meta":{"_acf_changed":false,"_eb_attr":"","pagelayer_contact_templates":[],"_pagelayer_content":"","footnotes":""},"categoria":[],"class_list":["post-51419","page","type-page","status-publish","hentry"],"acf":[],"_links":{"self":[{"href":"https:\/\/boopit.net\/paviwood\/wp-json\/wp\/v2\/pages\/51419","targetHints":{"allow":["GET"]}}],"collection":[{"href":"https:\/\/boopit.net\/paviwood\/wp-json\/wp\/v2\/pages"}],"about":[{"href":"https:\/\/boopit.net\/paviwood\/wp-json\/wp\/v2\/types\/page"}],"author":[{"embeddable":true,"href":"https:\/\/boopit.net\/paviwood\/wp-json\/wp\/v2\/users\/1"}],"replies":[{"embeddable":true,"href":"https:\/\/boopit.net\/paviwood\/wp-json\/wp\/v2\/comments?post=51419"}],"version-history":[{"count":19,"href":"https:\/\/boopit.net\/paviwood\/wp-json\/wp\/v2\/pages\/51419\/revisions"}],"predecessor-version":[{"id":52667,"href":"https:\/\/boopit.net\/paviwood\/wp-json\/wp\/v2\/pages\/51419\/revisions\/52667"}],"wp:attachment":[{"href":"https:\/\/boopit.net\/paviwood\/wp-json\/wp\/v2\/media?parent=51419"}],"wp:term":[{"taxonomy":"categoria","embeddable":true,"href":"https:\/\/boopit.net\/paviwood\/wp-json\/wp\/v2\/categoria?post=51419"}],"curies":[{"name":"wp","href":"https:\/\/api.w.org\/{rel}","templated":true}]}}