{"id":51430,"date":"2025-10-07T10:58:47","date_gmt":"2025-10-07T10:58:47","guid":{"rendered":"https:\/\/boopit.net\/paviwood\/?page_id=51430"},"modified":"2025-10-07T11:06:04","modified_gmt":"2025-10-07T11:06:04","slug":"brands-meister","status":"publish","type":"page","link":"https:\/\/boopit.net\/paviwood\/brands-meister\/","title":{"rendered":"Meister"},"content":{"rendered":"\t\t<div data-elementor-type=\"wp-post\" data-elementor-id=\"51430\" class=\"elementor elementor-51430\" data-elementor-post-type=\"page\">\n\t\t\t\t<div class=\"elementor-element elementor-element-7e10c5f e-flex e-con-boxed wpr-particle-no wpr-jarallax-no wpr-parallax-no wpr-sticky-section-no e-con e-parent\" data-id=\"7e10c5f\" data-element_type=\"container\">\n\t\t\t\t\t<div class=\"e-con-inner\">\n\t\t\t\t<div class=\"elementor-element elementor-element-b4a9af6 elementor-widget elementor-widget-image\" data-id=\"b4a9af6\" data-element_type=\"widget\" data-widget_type=\"image.default\">\n\t\t\t\t\t\t\t\t\t\t\t\t\t\t\t<img loading=\"lazy\" decoding=\"async\" width=\"1024\" height=\"576\" src=\"https:\/\/boopit.net\/paviwood\/wp-content\/uploads\/2025\/09\/meister-1024x576.png\" class=\"attachment-large size-large wp-image-51084\" alt=\"\" \/>\t\t\t\t\t\t\t\t\t\t\t\t\t\t\t<\/div>\n\t\t\t\t\t<\/div>\n\t\t\t\t<\/div>\n\t\t<div class=\"elementor-element elementor-element-ce018dc e-flex e-con-boxed wpr-particle-no wpr-jarallax-no wpr-parallax-no wpr-sticky-section-no e-con e-parent\" data-id=\"ce018dc\" data-element_type=\"container\">\n\t\t\t\t\t<div class=\"e-con-inner\">\n\t\t<div class=\"elementor-element elementor-element-06d15aa e-con-full e-flex wpr-particle-no wpr-jarallax-no wpr-parallax-no wpr-sticky-section-no e-con e-child\" data-id=\"06d15aa\" data-element_type=\"container\">\n\t\t\t\t<div class=\"elementor-element elementor-element-047ed39 elementor-widget elementor-widget-heading\" data-id=\"047ed39\" data-element_type=\"widget\" data-widget_type=\"heading.default\">\n\t\t\t\t\t<h2 class=\"elementor-heading-title elementor-size-default\">Eleg\u00e2ncia que acompanha o seu dia a dia.<\/h2>\t\t\t\t<\/div>\n\t\t\t\t<div class=\"elementor-element elementor-element-fbb693f elementor-widget elementor-widget-text-editor\" data-id=\"fbb693f\" data-element_type=\"widget\" data-widget_type=\"text-editor.default\">\n\t\t\t\t\t\t\t\t\t<p>A <strong data-start=\"2\" data-end=\"13\">Meister<\/strong> \u00e9 sin\u00f3nimo de qualidade, precis\u00e3o e design sofisticado. Cada produto \u00e9 desenvolvido com aten\u00e7\u00e3o aos detalhes, combinando durabilidade e est\u00e9tica para criar espa\u00e7os que inspiram confian\u00e7a e conforto.<\/p>\t\t\t\t\t\t\t\t<\/div>\n\t\t\t\t<\/div>\n\t\t<div class=\"elementor-element elementor-element-a8bb7aa e-con-full e-flex wpr-particle-no wpr-jarallax-no wpr-parallax-no wpr-sticky-section-no e-con e-child\" data-id=\"a8bb7aa\" data-element_type=\"container\">\n\t\t\t\t<div class=\"elementor-element elementor-element-c43fcd2 elementor-widget elementor-widget-image\" data-id=\"c43fcd2\" data-element_type=\"widget\" data-widget_type=\"image.default\">\n\t\t\t\t\t\t\t\t\t\t\t\t\t\t\t<img loading=\"lazy\" decoding=\"async\" width=\"1024\" height=\"683\" src=\"https:\/\/boopit.net\/paviwood\/wp-content\/uploads\/2025\/10\/pexels-bidvine-517980-1249610-1024x683.jpg\" class=\"attachment-large size-large wp-image-51435\" alt=\"\" \/>\t\t\t\t\t\t\t\t\t\t\t\t\t\t\t<\/div>\n\t\t\t\t<\/div>\n\t\t\t\t\t<\/div>\n\t\t\t\t<\/div>\n\t\t<div class=\"elementor-element elementor-element-e5de251 e-flex e-con-boxed wpr-particle-no wpr-jarallax-no wpr-parallax-no wpr-sticky-section-no e-con e-parent\" data-id=\"e5de251\" data-element_type=\"container\">\n\t\t\t\t\t<div class=\"e-con-inner\">\n\t\t\t\t<div class=\"elementor-element elementor-element-be756c2 elementor-widget elementor-widget-heading\" data-id=\"be756c2\" data-element_type=\"widget\" data-widget_type=\"heading.default\">\n\t\t\t\t\t<h2 class=\"elementor-heading-title elementor-size-default\">Produtos<\/h2>\t\t\t\t<\/div>\n\t\t\t\t\t<\/div>\n\t\t\t\t<\/div>\n\t\t<div class=\"elementor-element elementor-element-6dd963e e-flex e-con-boxed wpr-particle-no wpr-jarallax-no wpr-parallax-no wpr-sticky-section-no e-con e-parent\" data-id=\"6dd963e\" data-element_type=\"container\">\n\t\t\t\t\t<div class=\"e-con-inner\">\n\t\t\t\t<div class=\"elementor-element elementor-element-db81b1d elementor-widget elementor-widget-shortcode\" data-id=\"db81b1d\" data-element_type=\"widget\" data-widget_type=\"shortcode.default\">\n\t\t\t\t\t\t\t<div class=\"elementor-shortcode\"><div class=\"woocommerce columns-4 \"><\/div><\/div>\n\t\t\t\t\t\t<\/div>\n\t\t\t\t\t<\/div>\n\t\t\t\t<\/div>\n\t\t\t\t<\/div>\n\t\t","protected":false},"excerpt":{"rendered":"<p>Eleg\u00e2ncia que acompanha o seu dia a dia. A Meister \u00e9 sin\u00f3nimo de qualidade, precis\u00e3o e design sofisticado. Cada produto \u00e9 desenvolvido com aten\u00e7\u00e3o aos detalhes, combinando durabilidade e est\u00e9tica para criar espa\u00e7os que inspiram confian\u00e7a e conforto. Produtos<\/p>\n","protected":false},"author":1,"featured_media":0,"parent":0,"menu_order":0,"comment_status":"closed","ping_status":"closed","template":"","meta":{"_acf_changed":false,"_eb_attr":"","pagelayer_contact_templates":[],"_pagelayer_content":"","footnotes":""},"categoria":[],"class_list":["post-51430","page","type-page","status-publish","hentry"],"acf":[],"_links":{"self":[{"href":"https:\/\/boopit.net\/paviwood\/wp-json\/wp\/v2\/pages\/51430","targetHints":{"allow":["GET"]}}],"collection":[{"href":"https:\/\/boopit.net\/paviwood\/wp-json\/wp\/v2\/pages"}],"about":[{"href":"https:\/\/boopit.net\/paviwood\/wp-json\/wp\/v2\/types\/page"}],"author":[{"embeddable":true,"href":"https:\/\/boopit.net\/paviwood\/wp-json\/wp\/v2\/users\/1"}],"replies":[{"embeddable":true,"href":"https:\/\/boopit.net\/paviwood\/wp-json\/wp\/v2\/comments?post=51430"}],"version-history":[{"count":4,"href":"https:\/\/boopit.net\/paviwood\/wp-json\/wp\/v2\/pages\/51430\/revisions"}],"predecessor-version":[{"id":51439,"href":"https:\/\/boopit.net\/paviwood\/wp-json\/wp\/v2\/pages\/51430\/revisions\/51439"}],"wp:attachment":[{"href":"https:\/\/boopit.net\/paviwood\/wp-json\/wp\/v2\/media?parent=51430"}],"wp:term":[{"taxonomy":"categoria","embeddable":true,"href":"https:\/\/boopit.net\/paviwood\/wp-json\/wp\/v2\/categoria?post=51430"}],"curies":[{"name":"wp","href":"https:\/\/api.w.org\/{rel}","templated":true}]}}