{"id":51440,"date":"2025-10-07T11:09:07","date_gmt":"2025-10-07T11:09:07","guid":{"rendered":"https:\/\/boopit.net\/paviwood\/?page_id=51440"},"modified":"2026-03-09T13:58:42","modified_gmt":"2026-03-09T13:58:42","slug":"brands-quilosa","status":"publish","type":"page","link":"https:\/\/boopit.net\/paviwood\/brands-quilosa\/","title":{"rendered":"Quilosa"},"content":{"rendered":"\t\t<div data-elementor-type=\"wp-post\" data-elementor-id=\"51440\" class=\"elementor elementor-51440\" data-elementor-post-type=\"page\">\n\t\t\t\t<div class=\"elementor-element elementor-element-755b662 e-flex e-con-boxed wpr-particle-no wpr-jarallax-no wpr-parallax-no wpr-sticky-section-no e-con e-parent\" data-id=\"755b662\" data-element_type=\"container\">\n\t\t\t\t\t<div class=\"e-con-inner\">\n\t\t\t\t<div class=\"elementor-element elementor-element-c4b0e78 elementor-widget elementor-widget-image\" data-id=\"c4b0e78\" data-element_type=\"widget\" data-widget_type=\"image.default\">\n\t\t\t\t\t\t\t\t\t\t\t\t\t\t\t<img loading=\"lazy\" decoding=\"async\" width=\"1024\" height=\"576\" src=\"https:\/\/boopit.net\/paviwood\/wp-content\/uploads\/2025\/09\/quilosa-1024x576.png\" class=\"attachment-large size-large wp-image-51085\" alt=\"\" \/>\t\t\t\t\t\t\t\t\t\t\t\t\t\t\t<\/div>\n\t\t\t\t\t<\/div>\n\t\t\t\t<\/div>\n\t\t<div class=\"elementor-element elementor-element-478dc37 e-flex e-con-boxed wpr-particle-no wpr-jarallax-no wpr-parallax-no wpr-sticky-section-no e-con e-parent\" data-id=\"478dc37\" data-element_type=\"container\">\n\t\t\t\t\t<div class=\"e-con-inner\">\n\t\t<div class=\"elementor-element elementor-element-121c829 e-con-full e-flex wpr-particle-no wpr-jarallax-no wpr-parallax-no wpr-sticky-section-no e-con e-child\" data-id=\"121c829\" data-element_type=\"container\">\n\t\t\t\t<div class=\"elementor-element elementor-element-9d2687a elementor-widget elementor-widget-heading\" data-id=\"9d2687a\" data-element_type=\"widget\" data-widget_type=\"heading.default\">\n\t\t\t\t\t<h2 class=\"elementor-heading-title elementor-size-default\">Adesivos profissionais para resultados duradouros.<\/h2>\t\t\t\t<\/div>\n\t\t\t\t<div class=\"elementor-element elementor-element-c1348ad elementor-widget elementor-widget-text-editor\" data-id=\"c1348ad\" data-element_type=\"widget\" data-widget_type=\"text-editor.default\">\n\t\t\t\t\t\t\t\t\t<p>A <strong data-start=\"2\" data-end=\"13\">Quilosa<\/strong> \u00e9 refer\u00eancia em solu\u00e7\u00f5es adesivas de alta qualidade, combinando inova\u00e7\u00e3o, durabilidade e confiabilidade. Com produtos desenvolvidos para atender tanto profissionais quanto projetos do dia a dia, a marca garante desempenho superior e seguran\u00e7a em cada aplica\u00e7\u00e3o.<\/p>\t\t\t\t\t\t\t\t<\/div>\n\t\t\t\t<\/div>\n\t\t<div class=\"elementor-element elementor-element-0415081 e-con-full e-flex wpr-particle-no wpr-jarallax-no wpr-parallax-no wpr-sticky-section-no e-con e-child\" data-id=\"0415081\" data-element_type=\"container\">\n\t\t\t\t<div class=\"elementor-element elementor-element-418ee96 elementor-widget elementor-widget-image\" data-id=\"418ee96\" data-element_type=\"widget\" data-widget_type=\"image.default\">\n\t\t\t\t\t\t\t\t\t\t\t\t\t\t\t<img loading=\"lazy\" decoding=\"async\" width=\"1024\" height=\"683\" src=\"https:\/\/boopit.net\/paviwood\/wp-content\/uploads\/2025\/10\/pexels-thirdman-7256844-1024x683.jpg\" class=\"attachment-large size-large wp-image-51448\" alt=\"\" \/>\t\t\t\t\t\t\t\t\t\t\t\t\t\t\t<\/div>\n\t\t\t\t<\/div>\n\t\t\t\t\t<\/div>\n\t\t\t\t<\/div>\n\t\t<div class=\"elementor-element elementor-element-4a37ef4 e-flex e-con-boxed wpr-particle-no wpr-jarallax-no wpr-parallax-no wpr-sticky-section-no e-con e-parent\" data-id=\"4a37ef4\" data-element_type=\"container\">\n\t\t\t\t\t<div class=\"e-con-inner\">\n\t\t\t\t<div class=\"elementor-element elementor-element-3dda0a8 elementor-widget elementor-widget-heading\" data-id=\"3dda0a8\" data-element_type=\"widget\" data-widget_type=\"heading.default\">\n\t\t\t\t\t<h2 class=\"elementor-heading-title elementor-size-default\">Mais Cat\u00e1logos<\/h2>\t\t\t\t<\/div>\n\t\t\t\t\t<\/div>\n\t\t\t\t<\/div>\n\t\t<div class=\"elementor-element elementor-element-8d2bfb8 e-flex e-con-boxed wpr-particle-no wpr-jarallax-no wpr-parallax-no wpr-sticky-section-no e-con e-parent\" data-id=\"8d2bfb8\" data-element_type=\"container\">\n\t\t\t\t\t<div class=\"e-con-inner\">\n\t\t<div class=\"elementor-element elementor-element-23f48fb e-con-full e-flex wpr-particle-no wpr-jarallax-no wpr-parallax-no wpr-sticky-section-no e-con e-child\" data-id=\"23f48fb\" data-element_type=\"container\">\n\t\t\t\t<div class=\"elementor-element elementor-element-1747cca elementor-widget elementor-widget-image\" data-id=\"1747cca\" data-element_type=\"widget\" data-widget_type=\"image.default\">\n\t\t\t\t\t\t\t\t\t\t\t\t\t\t\t\t<a href=\"https:\/\/boopit.net\/paviwood\/wp-content\/uploads\/2026\/03\/11-Acessorios-Carpintaria-QUILOSA.pdf\" target=\"_blank\">\n\t\t\t\t\t\t\t<img loading=\"lazy\" decoding=\"async\" width=\"295\" height=\"420\" src=\"https:\/\/boopit.net\/paviwood\/wp-content\/uploads\/2026\/03\/quilosa.png\" class=\"attachment-full size-full wp-image-52312\" alt=\"\" \/>\t\t\t\t\t\t\t\t<\/a>\n\t\t\t\t\t\t\t\t\t\t\t\t\t\t\t<\/div>\n\t\t\t\t<div class=\"elementor-element elementor-element-881b8a9 elementor-widget elementor-widget-heading\" data-id=\"881b8a9\" data-element_type=\"widget\" data-widget_type=\"heading.default\">\n\t\t\t\t\t<h2 class=\"elementor-heading-title elementor-size-default\"><a href=\"https:\/\/boopit.net\/paviwood\/wp-content\/uploads\/2026\/03\/11-Acessorios-Carpintaria-QUILOSA.pdf\" target=\"_blank\">Acess\u00f3rios Carpintaria Quilosa<\/a><\/h2>\t\t\t\t<\/div>\n\t\t\t\t<\/div>\n\t\t<div class=\"elementor-element elementor-element-9e626db e-con-full e-flex wpr-particle-no wpr-jarallax-no wpr-parallax-no wpr-sticky-section-no e-con e-child\" data-id=\"9e626db\" data-element_type=\"container\">\n\t\t\t\t<\/div>\n\t\t<div class=\"elementor-element elementor-element-ff352b1 e-con-full e-flex wpr-particle-no wpr-jarallax-no wpr-parallax-no wpr-sticky-section-no e-con e-child\" data-id=\"ff352b1\" data-element_type=\"container\">\n\t\t\t\t<\/div>\n\t\t\t\t\t<\/div>\n\t\t\t\t<\/div>\n\t\t\t\t<\/div>\n\t\t","protected":false},"excerpt":{"rendered":"<p>Adesivos profissionais para resultados duradouros. A Quilosa \u00e9 refer\u00eancia em solu\u00e7\u00f5es adesivas de alta qualidade, combinando inova\u00e7\u00e3o, durabilidade e confiabilidade. Com produtos desenvolvidos para atender tanto profissionais quanto projetos do dia a dia, a marca garante desempenho superior e seguran\u00e7a em cada aplica\u00e7\u00e3o. Mais Cat\u00e1logos Acess\u00f3rios Carpintaria Quilosa<\/p>\n","protected":false},"author":1,"featured_media":0,"parent":0,"menu_order":0,"comment_status":"closed","ping_status":"closed","template":"","meta":{"_acf_changed":false,"_eb_attr":"","pagelayer_contact_templates":[],"_pagelayer_content":"","footnotes":""},"categoria":[],"class_list":["post-51440","page","type-page","status-publish","hentry"],"acf":[],"_links":{"self":[{"href":"https:\/\/boopit.net\/paviwood\/wp-json\/wp\/v2\/pages\/51440","targetHints":{"allow":["GET"]}}],"collection":[{"href":"https:\/\/boopit.net\/paviwood\/wp-json\/wp\/v2\/pages"}],"about":[{"href":"https:\/\/boopit.net\/paviwood\/wp-json\/wp\/v2\/types\/page"}],"author":[{"embeddable":true,"href":"https:\/\/boopit.net\/paviwood\/wp-json\/wp\/v2\/users\/1"}],"replies":[{"embeddable":true,"href":"https:\/\/boopit.net\/paviwood\/wp-json\/wp\/v2\/comments?post=51440"}],"version-history":[{"count":10,"href":"https:\/\/boopit.net\/paviwood\/wp-json\/wp\/v2\/pages\/51440\/revisions"}],"predecessor-version":[{"id":52382,"href":"https:\/\/boopit.net\/paviwood\/wp-json\/wp\/v2\/pages\/51440\/revisions\/52382"}],"wp:attachment":[{"href":"https:\/\/boopit.net\/paviwood\/wp-json\/wp\/v2\/media?parent=51440"}],"wp:term":[{"taxonomy":"categoria","embeddable":true,"href":"https:\/\/boopit.net\/paviwood\/wp-json\/wp\/v2\/categoria?post=51440"}],"curies":[{"name":"wp","href":"https:\/\/api.w.org\/{rel}","templated":true}]}}