{"id":51524,"date":"2025-10-07T15:00:13","date_gmt":"2025-10-07T15:00:13","guid":{"rendered":"https:\/\/boopit.net\/paviwood\/?page_id=51524"},"modified":"2026-03-13T11:41:00","modified_gmt":"2026-03-13T11:41:00","slug":"brands-skipro","status":"publish","type":"page","link":"https:\/\/boopit.net\/paviwood\/brands-skipro\/","title":{"rendered":"Skipro"},"content":{"rendered":"\t\t<div data-elementor-type=\"wp-post\" data-elementor-id=\"51524\" class=\"elementor elementor-51524\" data-elementor-post-type=\"page\">\n\t\t\t\t<div class=\"elementor-element elementor-element-fb9ffe2 e-flex e-con-boxed wpr-particle-no wpr-jarallax-no wpr-parallax-no wpr-sticky-section-no e-con e-parent\" data-id=\"fb9ffe2\" data-element_type=\"container\">\n\t\t\t\t\t<div class=\"e-con-inner\">\n\t\t\t\t<div class=\"elementor-element elementor-element-61ac5ae elementor-widget elementor-widget-image\" data-id=\"61ac5ae\" data-element_type=\"widget\" data-widget_type=\"image.default\">\n\t\t\t\t\t\t\t\t\t\t\t\t\t\t\t<img loading=\"lazy\" decoding=\"async\" width=\"1024\" height=\"576\" src=\"https:\/\/boopit.net\/paviwood\/wp-content\/uploads\/2025\/10\/SKIPRO-1-1024x576.png\" class=\"attachment-large size-large wp-image-51532\" alt=\"\" \/>\t\t\t\t\t\t\t\t\t\t\t\t\t\t\t<\/div>\n\t\t\t\t\t<\/div>\n\t\t\t\t<\/div>\n\t\t<div class=\"elementor-element elementor-element-81e9def e-flex e-con-boxed wpr-particle-no wpr-jarallax-no wpr-parallax-no wpr-sticky-section-no e-con e-parent\" data-id=\"81e9def\" data-element_type=\"container\">\n\t\t\t\t\t<div class=\"e-con-inner\">\n\t\t<div class=\"elementor-element elementor-element-99871f0 e-con-full e-flex wpr-particle-no wpr-jarallax-no wpr-parallax-no wpr-sticky-section-no e-con e-child\" data-id=\"99871f0\" data-element_type=\"container\">\n\t\t\t\t<div class=\"elementor-element elementor-element-d2e2639 elementor-widget elementor-widget-heading\" data-id=\"d2e2639\" data-element_type=\"widget\" data-widget_type=\"heading.default\">\n\t\t\t\t\t<h2 class=\"elementor-heading-title elementor-size-default\">Solu\u00e7\u00f5es perfeitas para acabamentos impec\u00e1veis.<\/h2>\t\t\t\t<\/div>\n\t\t\t\t<div class=\"elementor-element elementor-element-2bb3b0c elementor-widget elementor-widget-text-editor\" data-id=\"2bb3b0c\" data-element_type=\"widget\" data-widget_type=\"text-editor.default\">\n\t\t\t\t\t\t\t\t\t<p>A <strong data-start=\"2\" data-end=\"33\">Skipro Skirtings &amp; Profiles<\/strong> \u00e9 sin\u00f3nimo de precis\u00e3o, design e qualidade em solu\u00e7\u00f5es de acabamento. Especializada em rodap\u00e9s e perfis que combinam est\u00e9tica e funcionalidade, a marca oferece produtos que valorizam qualquer espa\u00e7o, garantindo durabilidade e um encaixe perfeito.<\/p>\t\t\t\t\t\t\t\t<\/div>\n\t\t\t\t<\/div>\n\t\t<div class=\"elementor-element elementor-element-098b23e e-con-full e-flex wpr-particle-no wpr-jarallax-no wpr-parallax-no wpr-sticky-section-no e-con e-child\" data-id=\"098b23e\" data-element_type=\"container\">\n\t\t\t\t<div class=\"elementor-element elementor-element-23900c0 elementor-widget elementor-widget-image\" data-id=\"23900c0\" data-element_type=\"widget\" data-widget_type=\"image.default\">\n\t\t\t\t\t\t\t\t\t\t\t\t\t\t\t<img loading=\"lazy\" decoding=\"async\" width=\"1024\" height=\"625\" src=\"https:\/\/boopit.net\/paviwood\/wp-content\/uploads\/2025\/10\/square-lr-e1759849274539.jpeg\" class=\"attachment-large size-large wp-image-51525\" alt=\"\" \/>\t\t\t\t\t\t\t\t\t\t\t\t\t\t\t<\/div>\n\t\t\t\t<\/div>\n\t\t\t\t\t<\/div>\n\t\t\t\t<\/div>\n\t\t<div class=\"elementor-element elementor-element-f760db7 e-flex e-con-boxed wpr-particle-no wpr-jarallax-no wpr-parallax-no wpr-sticky-section-no e-con e-parent\" data-id=\"f760db7\" data-element_type=\"container\">\n\t\t\t\t\t<div class=\"e-con-inner\">\n\t\t<div class=\"elementor-element elementor-element-64ac219 e-con-full e-flex wpr-particle-no wpr-jarallax-no wpr-parallax-no wpr-sticky-section-no e-con e-child\" data-id=\"64ac219\" data-element_type=\"container\">\n\t\t\t\t<div class=\"elementor-element elementor-element-c8d1933 elementor-widget elementor-widget-image\" data-id=\"c8d1933\" data-element_type=\"widget\" data-widget_type=\"image.default\">\n\t\t\t\t\t\t\t\t\t\t\t\t\t\t\t\t<a href=\"https:\/\/boopit.net\/paviwood\/wp-content\/uploads\/2026\/03\/SKIPRO-Rodapes-1.pdf\" target=\"_blank\">\n\t\t\t\t\t\t\t<img loading=\"lazy\" decoding=\"async\" width=\"295\" height=\"420\" src=\"https:\/\/boopit.net\/paviwood\/wp-content\/uploads\/2026\/03\/skipro2rodape.png\" class=\"attachment-full size-full wp-image-52300\" alt=\"\" \/>\t\t\t\t\t\t\t\t<\/a>\n\t\t\t\t\t\t\t\t\t\t\t\t\t\t\t<\/div>\n\t\t\t\t<div class=\"elementor-element elementor-element-97284d9 elementor-widget elementor-widget-heading\" data-id=\"97284d9\" data-element_type=\"widget\" data-widget_type=\"heading.default\">\n\t\t\t\t\t<h2 class=\"elementor-heading-title elementor-size-default\"><a href=\"https:\/\/boopit.net\/paviwood\/wp-content\/uploads\/2026\/03\/SKIPRO-Rodapes-1.pdf\" target=\"_blank\">Rodap\u00e9s Skipro | Branco, preto e diversas cores<\/a><\/h2>\t\t\t\t<\/div>\n\t\t\t\t<\/div>\n\t\t<div class=\"elementor-element elementor-element-5cc2265 e-con-full e-flex wpr-particle-no wpr-jarallax-no wpr-parallax-no wpr-sticky-section-no e-con e-child\" data-id=\"5cc2265\" data-element_type=\"container\">\n\t\t\t\t<div class=\"elementor-element elementor-element-3b187f7 elementor-widget elementor-widget-image\" data-id=\"3b187f7\" data-element_type=\"widget\" data-widget_type=\"image.default\">\n\t\t\t\t\t\t\t\t\t\t\t\t\t\t\t\t<a href=\"https:\/\/boopit.net\/paviwood\/wp-content\/uploads\/2026\/03\/05-Perfil-e-Bases-PVC-SKIPRO-1.pdf\" target=\"_blank\">\n\t\t\t\t\t\t\t<img loading=\"lazy\" decoding=\"async\" width=\"295\" height=\"420\" src=\"https:\/\/boopit.net\/paviwood\/wp-content\/uploads\/2026\/03\/perfis-e-basesskipropvc.png\" class=\"attachment-full size-full wp-image-52307\" alt=\"\" \/>\t\t\t\t\t\t\t\t<\/a>\n\t\t\t\t\t\t\t\t\t\t\t\t\t\t\t<\/div>\n\t\t\t\t<div class=\"elementor-element elementor-element-b379d94 elementor-widget elementor-widget-heading\" data-id=\"b379d94\" data-element_type=\"widget\" data-widget_type=\"heading.default\">\n\t\t\t\t\t<h2 class=\"elementor-heading-title elementor-size-default\"><a href=\"https:\/\/boopit.net\/paviwood\/wp-content\/uploads\/2026\/03\/05-Perfil-e-Bases-PVC-SKIPRO-1.pdf\" target=\"_blank\">Perfis e Bases em PVC<\/a><\/h2>\t\t\t\t<\/div>\n\t\t\t\t<\/div>\n\t\t<div class=\"elementor-element elementor-element-2f0ad09 e-con-full e-flex wpr-particle-no wpr-jarallax-no wpr-parallax-no wpr-sticky-section-no e-con e-child\" data-id=\"2f0ad09\" data-element_type=\"container\">\n\t\t\t\t<div class=\"elementor-element elementor-element-ad01329 elementor-widget elementor-widget-image\" data-id=\"ad01329\" data-element_type=\"widget\" data-widget_type=\"image.default\">\n\t\t\t\t\t\t\t\t\t\t\t\t\t\t\t\t<a href=\"https:\/\/boopit.net\/paviwood\/wp-content\/uploads\/2026\/03\/04-Perfil-e-Bases-Aluminio-SKIPRO.pdf\" target=\"_blank\">\n\t\t\t\t\t\t\t<img loading=\"lazy\" decoding=\"async\" width=\"295\" height=\"420\" src=\"https:\/\/boopit.net\/paviwood\/wp-content\/uploads\/2026\/03\/perfis-e-basesskipro-1.png\" class=\"attachment-full size-full wp-image-52306\" alt=\"\" \/>\t\t\t\t\t\t\t\t<\/a>\n\t\t\t\t\t\t\t\t\t\t\t\t\t\t\t<\/div>\n\t\t\t\t<div class=\"elementor-element elementor-element-92a09a2 elementor-widget elementor-widget-heading\" data-id=\"92a09a2\" data-element_type=\"widget\" data-widget_type=\"heading.default\">\n\t\t\t\t\t<h2 class=\"elementor-heading-title elementor-size-default\"><a href=\"https:\/\/boopit.net\/paviwood\/wp-content\/uploads\/2026\/03\/04-Perfil-e-Bases-Aluminio-SKIPRO.pdf\" target=\"_blank\">Perfis e Bases em Alum\u00ednio <\/a><\/h2>\t\t\t\t<\/div>\n\t\t\t\t<\/div>\n\t\t\t\t\t<\/div>\n\t\t\t\t<\/div>\n\t\t\t\t<\/div>\n\t\t","protected":false},"excerpt":{"rendered":"<p>Solu\u00e7\u00f5es perfeitas para acabamentos impec\u00e1veis. A Skipro Skirtings &amp; Profiles \u00e9 sin\u00f3nimo de precis\u00e3o, design e qualidade em solu\u00e7\u00f5es de acabamento. Especializada em rodap\u00e9s e perfis que combinam est\u00e9tica e funcionalidade, a marca oferece produtos que valorizam qualquer espa\u00e7o, garantindo durabilidade e um encaixe perfeito. Rodap\u00e9s Skipro | Branco, preto e diversas cores Perfis e Bases em PVC Perfis e Bases em Alum\u00ednio<\/p>\n","protected":false},"author":1,"featured_media":0,"parent":0,"menu_order":0,"comment_status":"closed","ping_status":"closed","template":"","meta":{"_acf_changed":false,"_eb_attr":"","pagelayer_contact_templates":[],"_pagelayer_content":"","footnotes":""},"categoria":[],"class_list":["post-51524","page","type-page","status-publish","hentry"],"acf":[],"_links":{"self":[{"href":"https:\/\/boopit.net\/paviwood\/wp-json\/wp\/v2\/pages\/51524","targetHints":{"allow":["GET"]}}],"collection":[{"href":"https:\/\/boopit.net\/paviwood\/wp-json\/wp\/v2\/pages"}],"about":[{"href":"https:\/\/boopit.net\/paviwood\/wp-json\/wp\/v2\/types\/page"}],"author":[{"embeddable":true,"href":"https:\/\/boopit.net\/paviwood\/wp-json\/wp\/v2\/users\/1"}],"replies":[{"embeddable":true,"href":"https:\/\/boopit.net\/paviwood\/wp-json\/wp\/v2\/comments?post=51524"}],"version-history":[{"count":34,"href":"https:\/\/boopit.net\/paviwood\/wp-json\/wp\/v2\/pages\/51524\/revisions"}],"predecessor-version":[{"id":52673,"href":"https:\/\/boopit.net\/paviwood\/wp-json\/wp\/v2\/pages\/51524\/revisions\/52673"}],"wp:attachment":[{"href":"https:\/\/boopit.net\/paviwood\/wp-json\/wp\/v2\/media?parent=51524"}],"wp:term":[{"taxonomy":"categoria","embeddable":true,"href":"https:\/\/boopit.net\/paviwood\/wp-json\/wp\/v2\/categoria?post=51524"}],"curies":[{"name":"wp","href":"https:\/\/api.w.org\/{rel}","templated":true}]}}