{"id":51823,"date":"2025-12-22T16:21:12","date_gmt":"2025-12-22T16:21:12","guid":{"rendered":"https:\/\/boopit.net\/paviwood\/?page_id=51823"},"modified":"2026-03-09T13:51:04","modified_gmt":"2026-03-09T13:51:04","slug":"brands-kaizen","status":"publish","type":"page","link":"https:\/\/boopit.net\/paviwood\/brands-kaizen\/","title":{"rendered":"Kaizen"},"content":{"rendered":"\t\t<div data-elementor-type=\"wp-post\" data-elementor-id=\"51823\" class=\"elementor elementor-51823\" data-elementor-post-type=\"page\">\n\t\t\t\t<div class=\"elementor-element elementor-element-fb9ffe2 e-flex e-con-boxed wpr-particle-no wpr-jarallax-no wpr-parallax-no wpr-sticky-section-no e-con e-parent\" data-id=\"fb9ffe2\" data-element_type=\"container\">\n\t\t\t\t\t<div class=\"e-con-inner\">\n\t\t\t\t<div class=\"elementor-element elementor-element-61ac5ae elementor-widget elementor-widget-image\" data-id=\"61ac5ae\" data-element_type=\"widget\" data-widget_type=\"image.default\">\n\t\t\t\t\t\t\t\t\t\t\t\t\t\t\t<img loading=\"lazy\" decoding=\"async\" width=\"1024\" height=\"576\" src=\"https:\/\/boopit.net\/paviwood\/wp-content\/uploads\/2025\/12\/kaizen-1024x576.png\" class=\"attachment-large size-large wp-image-51825\" alt=\"\" \/>\t\t\t\t\t\t\t\t\t\t\t\t\t\t\t<\/div>\n\t\t\t\t\t<\/div>\n\t\t\t\t<\/div>\n\t\t<div class=\"elementor-element elementor-element-81e9def e-flex e-con-boxed wpr-particle-no wpr-jarallax-no wpr-parallax-no wpr-sticky-section-no e-con e-parent\" data-id=\"81e9def\" data-element_type=\"container\">\n\t\t\t\t\t<div class=\"e-con-inner\">\n\t\t<div class=\"elementor-element elementor-element-99871f0 e-con-full e-flex wpr-particle-no wpr-jarallax-no wpr-parallax-no wpr-sticky-section-no e-con e-child\" data-id=\"99871f0\" data-element_type=\"container\">\n\t\t\t\t<div class=\"elementor-element elementor-element-d2e2639 elementor-widget elementor-widget-heading\" data-id=\"d2e2639\" data-element_type=\"widget\" data-widget_type=\"heading.default\">\n\t\t\t\t\t<h2 class=\"elementor-heading-title elementor-size-default\">Design + Desempenho<\/h2>\t\t\t\t<\/div>\n\t\t\t\t<div class=\"elementor-element elementor-element-2bb3b0c elementor-widget elementor-widget-text-editor\" data-id=\"2bb3b0c\" data-element_type=\"widget\" data-widget_type=\"text-editor.default\">\n\t\t\t\t\t\t\t\t\t<p>Um equil\u00edbrio perfeito entre design contempor\u00e2neo e ess\u00eancia natural.<\/p>\t\t\t\t\t\t\t\t<\/div>\n\t\t\t\t<\/div>\n\t\t<div class=\"elementor-element elementor-element-098b23e e-con-full e-flex wpr-particle-no wpr-jarallax-no wpr-parallax-no wpr-sticky-section-no e-con e-child\" data-id=\"098b23e\" data-element_type=\"container\">\n\t\t\t\t<div class=\"elementor-element elementor-element-23900c0 elementor-widget elementor-widget-image\" data-id=\"23900c0\" data-element_type=\"widget\" data-widget_type=\"image.default\">\n\t\t\t\t\t\t\t\t\t\t\t\t\t\t\t<img loading=\"lazy\" decoding=\"async\" width=\"860\" height=\"471\" src=\"https:\/\/boopit.net\/paviwood\/wp-content\/uploads\/2025\/07\/naturaline-ilgazoak-2.webp\" class=\"attachment-large size-large wp-image-50116\" alt=\"\" \/>\t\t\t\t\t\t\t\t\t\t\t\t\t\t\t<\/div>\n\t\t\t\t<\/div>\n\t\t\t\t\t<\/div>\n\t\t\t\t<\/div>\n\t\t<div class=\"elementor-element elementor-element-a09d6df e-flex e-con-boxed wpr-particle-no wpr-jarallax-no wpr-parallax-no wpr-sticky-section-no e-con e-parent\" data-id=\"a09d6df\" data-element_type=\"container\">\n\t\t\t\t\t<div class=\"e-con-inner\">\n\t\t\t\t<div class=\"elementor-element elementor-element-0a847ba elementor-widget elementor-widget-heading\" data-id=\"0a847ba\" data-element_type=\"widget\" data-widget_type=\"heading.default\">\n\t\t\t\t\t<h2 class=\"elementor-heading-title elementor-size-default\">Cat\u00e1logos<\/h2>\t\t\t\t<\/div>\n\t\t\t\t\t<\/div>\n\t\t\t\t<\/div>\n\t\t<div class=\"elementor-element elementor-element-b452f0c e-flex e-con-boxed wpr-particle-no wpr-jarallax-no wpr-parallax-no wpr-sticky-section-no e-con e-parent\" data-id=\"b452f0c\" data-element_type=\"container\">\n\t\t\t\t\t<div class=\"e-con-inner\">\n\t\t<div class=\"elementor-element elementor-element-659f875 e-con-full e-flex wpr-particle-no wpr-jarallax-no wpr-parallax-no wpr-sticky-section-no e-con e-child\" data-id=\"659f875\" data-element_type=\"container\">\n\t\t\t\t<div class=\"elementor-element elementor-element-1fd65ff elementor-widget elementor-widget-image\" data-id=\"1fd65ff\" data-element_type=\"widget\" data-widget_type=\"image.default\">\n\t\t\t\t\t\t\t\t\t\t\t\t\t\t\t\t<a href=\"https:\/\/boopit.net\/paviwood\/wp-content\/uploads\/2025\/12\/XX-2-Vinil-KAIZEN-AKUAWOOD.pdf\" target=\"_blank\">\n\t\t\t\t\t\t\t<img loading=\"lazy\" decoding=\"async\" width=\"299\" height=\"421\" src=\"https:\/\/boopit.net\/paviwood\/wp-content\/uploads\/2025\/12\/Captura-de-ecra-2025-12-22-162531.png\" class=\"attachment-full size-full wp-image-51830\" alt=\"\" \/>\t\t\t\t\t\t\t\t<\/a>\n\t\t\t\t\t\t\t\t\t\t\t\t\t\t\t<\/div>\n\t\t\t\t<div class=\"elementor-element elementor-element-51a4b1f elementor-widget elementor-widget-heading\" data-id=\"51a4b1f\" data-element_type=\"widget\" data-widget_type=\"heading.default\">\n\t\t\t\t\t<h2 class=\"elementor-heading-title elementor-size-default\"><a href=\"https:\/\/boopit.net\/paviwood\/wp-content\/uploads\/2025\/12\/XX-2-Vinil-KAIZEN-AKUAWOOD.pdf\" target=\"_blank\">Vinil SPC 5,5mm | Wear layer: 0,55mm | Resistante a \u00c1gua<\/a><\/h2>\t\t\t\t<\/div>\n\t\t\t\t<\/div>\n\t\t<div class=\"elementor-element elementor-element-9e955d0 e-con-full e-flex wpr-particle-no wpr-jarallax-no wpr-parallax-no wpr-sticky-section-no e-con e-child\" data-id=\"9e955d0\" data-element_type=\"container\">\n\t\t\t\t<div class=\"elementor-element elementor-element-3f8c901 elementor-widget elementor-widget-image\" data-id=\"3f8c901\" data-element_type=\"widget\" data-widget_type=\"image.default\">\n\t\t\t\t\t\t\t\t\t\t\t\t\t\t\t\t<a href=\"https:\/\/boopit.net\/paviwood\/wp-content\/uploads\/2025\/12\/XX-2-Vinil-KAIZEN-AKUAWOOD.pdf\" target=\"_blank\">\n\t\t\t\t\t\t\t<img loading=\"lazy\" decoding=\"async\" width=\"299\" height=\"421\" src=\"https:\/\/boopit.net\/paviwood\/wp-content\/uploads\/2025\/12\/Captura-de-ecra-2025-12-22-162531.png\" class=\"attachment-full size-full wp-image-51830\" alt=\"\" \/>\t\t\t\t\t\t\t\t<\/a>\n\t\t\t\t\t\t\t\t\t\t\t\t\t\t\t<\/div>\n\t\t\t\t<div class=\"elementor-element elementor-element-3ae2a0d elementor-widget elementor-widget-heading\" data-id=\"3ae2a0d\" data-element_type=\"widget\" data-widget_type=\"heading.default\">\n\t\t\t\t\t<h2 class=\"elementor-heading-title elementor-size-default\"><a href=\"https:\/\/boopit.net\/paviwood\/wp-content\/uploads\/2025\/12\/XX-2-Vinil-KAIZEN-AKUAWOOD.pdf\" target=\"_blank\">Vinil SPC 6,5mm | Wear layer: 0,70mm | Resistante a \u00c1gua<\/a><\/h2>\t\t\t\t<\/div>\n\t\t\t\t<\/div>\n\t\t<div class=\"elementor-element elementor-element-6f63a2e e-con-full e-flex wpr-particle-no wpr-jarallax-no wpr-parallax-no wpr-sticky-section-no e-con e-child\" data-id=\"6f63a2e\" data-element_type=\"container\">\n\t\t\t\t<\/div>\n\t\t\t\t\t<\/div>\n\t\t\t\t<\/div>\n\t\t\t\t<\/div>\n\t\t","protected":false},"excerpt":{"rendered":"<p>Design + Desempenho Um equil\u00edbrio perfeito entre design contempor\u00e2neo e ess\u00eancia natural. Cat\u00e1logos Vinil SPC 5,5mm | Wear layer: 0,55mm | Resistante a \u00c1gua Vinil SPC 6,5mm | Wear layer: 0,70mm | Resistante a \u00c1gua<\/p>\n","protected":false},"author":1,"featured_media":0,"parent":0,"menu_order":0,"comment_status":"closed","ping_status":"closed","template":"","meta":{"_acf_changed":false,"_eb_attr":"","pagelayer_contact_templates":[],"_pagelayer_content":"","footnotes":""},"categoria":[],"class_list":["post-51823","page","type-page","status-publish","hentry"],"acf":[],"_links":{"self":[{"href":"https:\/\/boopit.net\/paviwood\/wp-json\/wp\/v2\/pages\/51823","targetHints":{"allow":["GET"]}}],"collection":[{"href":"https:\/\/boopit.net\/paviwood\/wp-json\/wp\/v2\/pages"}],"about":[{"href":"https:\/\/boopit.net\/paviwood\/wp-json\/wp\/v2\/types\/page"}],"author":[{"embeddable":true,"href":"https:\/\/boopit.net\/paviwood\/wp-json\/wp\/v2\/users\/1"}],"replies":[{"embeddable":true,"href":"https:\/\/boopit.net\/paviwood\/wp-json\/wp\/v2\/comments?post=51823"}],"version-history":[{"count":19,"href":"https:\/\/boopit.net\/paviwood\/wp-json\/wp\/v2\/pages\/51823\/revisions"}],"predecessor-version":[{"id":52379,"href":"https:\/\/boopit.net\/paviwood\/wp-json\/wp\/v2\/pages\/51823\/revisions\/52379"}],"wp:attachment":[{"href":"https:\/\/boopit.net\/paviwood\/wp-json\/wp\/v2\/media?parent=51823"}],"wp:term":[{"taxonomy":"categoria","embeddable":true,"href":"https:\/\/boopit.net\/paviwood\/wp-json\/wp\/v2\/categoria?post=51823"}],"curies":[{"name":"wp","href":"https:\/\/api.w.org\/{rel}","templated":true}]}}