{"id":51856,"date":"2025-12-22T16:46:43","date_gmt":"2025-12-22T16:46:43","guid":{"rendered":"https:\/\/boopit.net\/paviwood\/?page_id=51856"},"modified":"2026-03-10T15:09:44","modified_gmt":"2026-03-10T15:09:44","slug":"vinil","status":"publish","type":"page","link":"https:\/\/boopit.net\/paviwood\/vinil\/","title":{"rendered":"Vinil"},"content":{"rendered":"\t\t<div data-elementor-type=\"wp-post\" data-elementor-id=\"51856\" class=\"elementor elementor-51856\" data-elementor-post-type=\"page\">\n\t\t\t\t<div class=\"elementor-element elementor-element-7317d64 e-flex e-con-boxed wpr-particle-no wpr-jarallax-no wpr-parallax-no wpr-sticky-section-no e-con e-parent\" data-id=\"7317d64\" data-element_type=\"container\">\n\t\t\t\t\t<div class=\"e-con-inner\">\n\t\t<div class=\"elementor-element elementor-element-13c8def e-con-full e-flex wpr-particle-no wpr-jarallax-no wpr-parallax-no wpr-sticky-section-no e-con e-child\" data-id=\"13c8def\" data-element_type=\"container\">\n\t\t\t\t<div class=\"elementor-element elementor-element-b14bad0 elementor-widget elementor-widget-image\" data-id=\"b14bad0\" data-element_type=\"widget\" data-widget_type=\"image.default\">\n\t\t\t\t\t\t\t\t\t\t\t\t\t\t\t\t<a href=\"https:\/\/boopit.net\/paviwood\/wp-content\/uploads\/2025\/12\/2-Vinil-BEST-FLOOR-55.pdf\" target=\"_blank\">\n\t\t\t\t\t\t\t<img loading=\"lazy\" decoding=\"async\" width=\"299\" height=\"424\" src=\"https:\/\/boopit.net\/paviwood\/wp-content\/uploads\/2025\/12\/Captura-de-ecra-2025-12-22-123250.png\" class=\"attachment-full size-full wp-image-51747\" alt=\"\" \/>\t\t\t\t\t\t\t\t<\/a>\n\t\t\t\t\t\t\t\t\t\t\t\t\t\t\t<\/div>\n\t\t\t\t<div class=\"elementor-element elementor-element-55a95d4 elementor-widget elementor-widget-heading\" data-id=\"55a95d4\" data-element_type=\"widget\" data-widget_type=\"heading.default\">\n\t\t\t\t\t<h2 class=\"elementor-heading-title elementor-size-default\"><a href=\"https:\/\/boopit.net\/paviwood\/wp-content\/uploads\/2025\/12\/1-Laminado-BEST-FLOOR-Carbon-BLACK-HDF-95mm.pdf\" target=\"_blank\">Vinil SPC 5,5mm | Wear layer: 0,50mm | Resistante a \u00c1gua<\/a><\/h2>\t\t\t\t<\/div>\n\t\t\t\t<\/div>\n\t\t<div class=\"elementor-element elementor-element-bf91ec8 e-con-full e-flex wpr-particle-no wpr-jarallax-no wpr-parallax-no wpr-sticky-section-no e-con e-child\" data-id=\"bf91ec8\" data-element_type=\"container\">\n\t\t\t\t<div class=\"elementor-element elementor-element-f97cdbe elementor-widget elementor-widget-image\" data-id=\"f97cdbe\" data-element_type=\"widget\" data-widget_type=\"image.default\">\n\t\t\t\t\t\t\t\t\t\t\t\t\t\t\t\t<a href=\"https:\/\/boopit.net\/paviwood\/wp-content\/uploads\/2025\/12\/2-Vinil-BEST-FLOOR-65-XL.pdf\" target=\"_blank\">\n\t\t\t\t\t\t\t<img loading=\"lazy\" decoding=\"async\" width=\"299\" height=\"424\" src=\"https:\/\/boopit.net\/paviwood\/wp-content\/uploads\/2025\/12\/Captura-de-ecra-2025-12-22-123250.png\" class=\"attachment-full size-full wp-image-51747\" alt=\"\" \/>\t\t\t\t\t\t\t\t<\/a>\n\t\t\t\t\t\t\t\t\t\t\t\t\t\t\t<\/div>\n\t\t\t\t<div class=\"elementor-element elementor-element-0119547 elementor-widget elementor-widget-heading\" data-id=\"0119547\" data-element_type=\"widget\" data-widget_type=\"heading.default\">\n\t\t\t\t\t<h2 class=\"elementor-heading-title elementor-size-default\"><a href=\"https:\/\/boopit.net\/paviwood\/wp-content\/uploads\/2025\/12\/2-Vinil-BEST-FLOOR-65-XL.pdf\" target=\"_blank\">Vinil SPC XL 6,5mm | Wear layer: 0,50mm | Resistante a \u00c1gua<\/a><\/h2>\t\t\t\t<\/div>\n\t\t\t\t<\/div>\n\t\t<div class=\"elementor-element elementor-element-9e17d43 e-con-full e-flex wpr-particle-no wpr-jarallax-no wpr-parallax-no wpr-sticky-section-no e-con e-child\" data-id=\"9e17d43\" data-element_type=\"container\">\n\t\t\t\t<div class=\"elementor-element elementor-element-d637cd8 elementor-widget elementor-widget-image\" data-id=\"d637cd8\" data-element_type=\"widget\" data-widget_type=\"image.default\">\n\t\t\t\t\t\t\t\t\t\t\t\t\t\t\t\t<a href=\"https:\/\/boopit.net\/paviwood\/wp-content\/uploads\/2025\/12\/2-Vinil-BEST-FLOOR-80.pdf\" target=\"_blank\">\n\t\t\t\t\t\t\t<img loading=\"lazy\" decoding=\"async\" width=\"299\" height=\"424\" src=\"https:\/\/boopit.net\/paviwood\/wp-content\/uploads\/2025\/12\/Captura-de-ecra-2025-12-22-123250.png\" class=\"attachment-full size-full wp-image-51747\" alt=\"\" \/>\t\t\t\t\t\t\t\t<\/a>\n\t\t\t\t\t\t\t\t\t\t\t\t\t\t\t<\/div>\n\t\t\t\t<div class=\"elementor-element elementor-element-7263428 elementor-widget elementor-widget-heading\" data-id=\"7263428\" data-element_type=\"widget\" data-widget_type=\"heading.default\">\n\t\t\t\t\t<h2 class=\"elementor-heading-title elementor-size-default\"><a href=\"https:\/\/boopit.net\/paviwood\/wp-content\/uploads\/2025\/12\/2-Vinil-BEST-FLOOR-65.pdf\" target=\"_blank\">Vinil SPC 6,5mm | Wear layer: 0,50mm | Resistante a \u00c1gua<\/a><\/h2>\t\t\t\t<\/div>\n\t\t\t\t<\/div>\n\t\t<div class=\"elementor-element elementor-element-f86b03d e-con-full e-flex wpr-particle-no wpr-jarallax-no wpr-parallax-no wpr-sticky-section-no e-con e-child\" data-id=\"f86b03d\" data-element_type=\"container\">\n\t\t\t\t<div class=\"elementor-element elementor-element-1640515 elementor-widget elementor-widget-image\" data-id=\"1640515\" data-element_type=\"widget\" data-widget_type=\"image.default\">\n\t\t\t\t\t\t\t\t\t\t\t\t\t\t\t\t<a href=\"https:\/\/boopit.net\/paviwood\/wp-content\/uploads\/2025\/12\/2-Vinil-BEST-FLOOR-80-XL.pdf\" target=\"_blank\">\n\t\t\t\t\t\t\t<img loading=\"lazy\" decoding=\"async\" width=\"299\" height=\"424\" src=\"https:\/\/boopit.net\/paviwood\/wp-content\/uploads\/2025\/12\/Captura-de-ecra-2025-12-22-123250.png\" class=\"attachment-full size-full wp-image-51747\" alt=\"\" \/>\t\t\t\t\t\t\t\t<\/a>\n\t\t\t\t\t\t\t\t\t\t\t\t\t\t\t<\/div>\n\t\t\t\t<div class=\"elementor-element elementor-element-1c32fe0 elementor-widget elementor-widget-heading\" data-id=\"1c32fe0\" data-element_type=\"widget\" data-widget_type=\"heading.default\">\n\t\t\t\t\t<h2 class=\"elementor-heading-title elementor-size-default\"><a href=\"https:\/\/boopit.net\/paviwood\/wp-content\/uploads\/2025\/12\/2-Vinil-BEST-FLOOR-80-XL.pdf\" target=\"_blank\">Vinil WPC XL 8,0mm | Wear layer: 0,50mm | Resistante a \u00c1gua<\/a><\/h2>\t\t\t\t<\/div>\n\t\t\t\t<\/div>\n\t\t<div class=\"elementor-element elementor-element-4d6a0bc e-con-full e-flex wpr-particle-no wpr-jarallax-no wpr-parallax-no wpr-sticky-section-no e-con e-child\" data-id=\"4d6a0bc\" data-element_type=\"container\">\n\t\t\t\t<div class=\"elementor-element elementor-element-af9f691 elementor-widget elementor-widget-image\" data-id=\"af9f691\" data-element_type=\"widget\" data-widget_type=\"image.default\">\n\t\t\t\t\t\t\t\t\t\t\t\t\t\t\t\t<a href=\"https:\/\/boopit.net\/paviwood\/wp-content\/uploads\/2025\/12\/2-Vinil-BEST-FLOOR-80.pdf\" target=\"_blank\">\n\t\t\t\t\t\t\t<img loading=\"lazy\" decoding=\"async\" width=\"299\" height=\"424\" src=\"https:\/\/boopit.net\/paviwood\/wp-content\/uploads\/2025\/12\/Captura-de-ecra-2025-12-22-123250.png\" class=\"attachment-full size-full wp-image-51747\" alt=\"\" \/>\t\t\t\t\t\t\t\t<\/a>\n\t\t\t\t\t\t\t\t\t\t\t\t\t\t\t<\/div>\n\t\t\t\t<div class=\"elementor-element elementor-element-b4a53e9 elementor-widget elementor-widget-heading\" data-id=\"b4a53e9\" data-element_type=\"widget\" data-widget_type=\"heading.default\">\n\t\t\t\t\t<h2 class=\"elementor-heading-title elementor-size-default\"><a href=\"https:\/\/boopit.net\/paviwood\/wp-content\/uploads\/2025\/12\/2-Vinil-BEST-FLOOR-80.pdf\" target=\"_blank\">Vinil SPC 8,0mm | Wear layer: 0,50mm | Resistante a \u00c1gua<\/a><\/h2>\t\t\t\t<\/div>\n\t\t\t\t<\/div>\n\t\t<div class=\"elementor-element elementor-element-79b8cc6 e-con-full e-flex wpr-particle-no wpr-jarallax-no wpr-parallax-no wpr-sticky-section-no e-con e-child\" data-id=\"79b8cc6\" data-element_type=\"container\">\n\t\t\t\t<div class=\"elementor-element elementor-element-c5549d6 elementor-widget elementor-widget-image\" data-id=\"c5549d6\" data-element_type=\"widget\" data-widget_type=\"image.default\">\n\t\t\t\t\t\t\t\t\t\t\t\t\t\t\t\t<a href=\"https:\/\/boopit.net\/paviwood\/wp-content\/uploads\/2026\/02\/2-Vinil-FLOOR-STEP-Vinyl-so-55-e1771501336921.jpeg\" target=\"_blank\">\n\t\t\t\t\t\t\t<img loading=\"lazy\" decoding=\"async\" width=\"299\" height=\"382\" src=\"https:\/\/boopit.net\/paviwood\/wp-content\/uploads\/2026\/02\/2-Vinil-FLOOR-STEP-Vinyl-so-55-e1771501336921.jpeg\" class=\"attachment-full size-full wp-image-51974\" alt=\"\" \/>\t\t\t\t\t\t\t\t<\/a>\n\t\t\t\t\t\t\t\t\t\t\t\t\t\t\t<\/div>\n\t\t\t\t<div class=\"elementor-element elementor-element-b29e752 elementor-widget elementor-widget-heading\" data-id=\"b29e752\" data-element_type=\"widget\" data-widget_type=\"heading.default\">\n\t\t\t\t\t<h2 class=\"elementor-heading-title elementor-size-default\"><a href=\"https:\/\/boopit.net\/paviwood\/wp-content\/uploads\/2026\/02\/2-Vinil-FLOOR-STEP-Vinyl-so-55-e1771501336921.jpeg\" target=\"_blank\">Vinil FLOOR STEP 5,5mm<\/a><\/h2>\t\t\t\t<\/div>\n\t\t\t\t<\/div>\n\t\t<div class=\"elementor-element elementor-element-bb372b1 e-con-full e-flex wpr-particle-no wpr-jarallax-no wpr-parallax-no wpr-sticky-section-no e-con e-child\" data-id=\"bb372b1\" data-element_type=\"container\">\n\t\t\t\t<div class=\"elementor-element elementor-element-054d326 elementor-widget elementor-widget-image\" data-id=\"054d326\" data-element_type=\"widget\" data-widget_type=\"image.default\">\n\t\t\t\t\t\t\t\t\t\t\t\t\t\t\t\t<a href=\"https:\/\/boopit.net\/paviwood\/wp-content\/uploads\/2026\/02\/2-Vinil-FLOOR-STEP-Vinyl-so-65.pdf\" target=\"_blank\">\n\t\t\t\t\t\t\t<img loading=\"lazy\" decoding=\"async\" width=\"299\" height=\"421\" src=\"https:\/\/boopit.net\/paviwood\/wp-content\/uploads\/2026\/02\/spcvinil.png\" class=\"attachment-full size-full wp-image-51984\" alt=\"\" \/>\t\t\t\t\t\t\t\t<\/a>\n\t\t\t\t\t\t\t\t\t\t\t\t\t\t\t<\/div>\n\t\t\t\t<div class=\"elementor-element elementor-element-80162b7 elementor-widget elementor-widget-heading\" data-id=\"80162b7\" data-element_type=\"widget\" data-widget_type=\"heading.default\">\n\t\t\t\t\t<h2 class=\"elementor-heading-title elementor-size-default\"><a href=\"https:\/\/boopit.net\/paviwood\/wp-content\/uploads\/2026\/02\/2-Vinil-FLOOR-STEP-Vinyl-so-65.pdf\" target=\"_blank\">Vinil FLOOR STEP Vinyl 6,5mm<\/a><\/h2>\t\t\t\t<\/div>\n\t\t\t\t<\/div>\n\t\t<div class=\"elementor-element elementor-element-feabb4c e-con-full e-flex wpr-particle-no wpr-jarallax-no wpr-parallax-no wpr-sticky-section-no e-con e-child\" data-id=\"feabb4c\" data-element_type=\"container\">\n\t\t\t\t<div class=\"elementor-element elementor-element-e830c5f elementor-widget elementor-widget-image\" data-id=\"e830c5f\" data-element_type=\"widget\" data-widget_type=\"image.default\">\n\t\t\t\t\t\t\t\t\t\t\t\t\t\t\t\t<a href=\"https:\/\/boopit.net\/paviwood\/wp-content\/uploads\/2026\/02\/2-Vinil-GREENFLOORING-55.pdf\" target=\"_blank\">\n\t\t\t\t\t\t\t<img loading=\"lazy\" decoding=\"async\" width=\"299\" height=\"421\" src=\"https:\/\/boopit.net\/paviwood\/wp-content\/uploads\/2026\/02\/capa.png\" class=\"attachment-full size-full wp-image-51986\" alt=\"\" \/>\t\t\t\t\t\t\t\t<\/a>\n\t\t\t\t\t\t\t\t\t\t\t\t\t\t\t<\/div>\n\t\t\t\t<div class=\"elementor-element elementor-element-e08887f elementor-widget elementor-widget-heading\" data-id=\"e08887f\" data-element_type=\"widget\" data-widget_type=\"heading.default\">\n\t\t\t\t\t<h2 class=\"elementor-heading-title elementor-size-default\"><a href=\"https:\/\/boopit.net\/paviwood\/wp-content\/uploads\/2026\/02\/2-Vinil-GREENFLOORING-55.pdf\" target=\"_blank\">Vinil SPC 5,5mm | Wear layer: 0,55mm | Resistante a \u00c1gua<\/a><\/h2>\t\t\t\t<\/div>\n\t\t\t\t<\/div>\n\t\t<div class=\"elementor-element elementor-element-00d6888 e-con-full e-flex wpr-particle-no wpr-jarallax-no wpr-parallax-no wpr-sticky-section-no e-con e-child\" data-id=\"00d6888\" data-element_type=\"container\">\n\t\t\t\t<div class=\"elementor-element elementor-element-a97ee49 elementor-widget elementor-widget-image\" data-id=\"a97ee49\" data-element_type=\"widget\" data-widget_type=\"image.default\">\n\t\t\t\t\t\t\t\t\t\t\t\t\t\t\t\t<a href=\"https:\/\/boopit.net\/paviwood\/wp-content\/uploads\/2026\/02\/x-Vinil-GREENFLOORING-Homestyle.pdf\" target=\"_blank\">\n\t\t\t\t\t\t\t<img loading=\"lazy\" decoding=\"async\" width=\"299\" height=\"421\" src=\"https:\/\/boopit.net\/paviwood\/wp-content\/uploads\/2026\/02\/capa-3.png\" class=\"attachment-full size-full wp-image-51990\" alt=\"\" \/>\t\t\t\t\t\t\t\t<\/a>\n\t\t\t\t\t\t\t\t\t\t\t\t\t\t\t<\/div>\n\t\t\t\t<div class=\"elementor-element elementor-element-f9044c9 elementor-widget elementor-widget-heading\" data-id=\"f9044c9\" data-element_type=\"widget\" data-widget_type=\"heading.default\">\n\t\t\t\t\t<h2 class=\"elementor-heading-title elementor-size-default\"><a href=\"https:\/\/boopit.net\/paviwood\/wp-content\/uploads\/2026\/02\/x-Vinil-GREENFLOORING-Homestyle.pdf\" target=\"_blank\">Vinil SPC 5,5mm | Wear layer: 0,55mm | Resistante a \u00c1gua<\/a><\/h2>\t\t\t\t<\/div>\n\t\t\t\t<\/div>\n\t\t<div class=\"elementor-element elementor-element-fecd1d8 e-con-full e-flex wpr-particle-no wpr-jarallax-no wpr-parallax-no wpr-sticky-section-no e-con e-child\" data-id=\"fecd1d8\" data-element_type=\"container\">\n\t\t\t\t<div class=\"elementor-element elementor-element-3e8b867 elementor-widget elementor-widget-image\" data-id=\"3e8b867\" data-element_type=\"widget\" data-widget_type=\"image.default\">\n\t\t\t\t\t\t\t\t\t\t\t\t\t\t\t\t<a href=\"https:\/\/boopit.net\/paviwood\/wp-content\/uploads\/2026\/02\/2-Vinil-GREENFLOORING-Regal-Plus.pdf\" target=\"_blank\">\n\t\t\t\t\t\t\t<img loading=\"lazy\" decoding=\"async\" width=\"299\" height=\"421\" src=\"https:\/\/boopit.net\/paviwood\/wp-content\/uploads\/2026\/02\/capa-4.png\" class=\"attachment-full size-full wp-image-51996\" alt=\"\" \/>\t\t\t\t\t\t\t\t<\/a>\n\t\t\t\t\t\t\t\t\t\t\t\t\t\t\t<\/div>\n\t\t\t\t<div class=\"elementor-element elementor-element-659722b elementor-widget elementor-widget-heading\" data-id=\"659722b\" data-element_type=\"widget\" data-widget_type=\"heading.default\">\n\t\t\t\t\t<h2 class=\"elementor-heading-title elementor-size-default\"><a href=\"https:\/\/boopit.net\/paviwood\/wp-content\/uploads\/2026\/02\/2-Vinil-GREENFLOORING-Regal-Plus.pdf\" target=\"_blank\">Vinil SPC 6,7mm | Wear layer: 0,70mm | Resistante a \u00c1gua<\/a><\/h2>\t\t\t\t<\/div>\n\t\t\t\t<\/div>\n\t\t<div class=\"elementor-element elementor-element-4c88fdd e-con-full e-flex wpr-particle-no wpr-jarallax-no wpr-parallax-no wpr-sticky-section-no e-con e-child\" data-id=\"4c88fdd\" data-element_type=\"container\">\n\t\t\t\t<div class=\"elementor-element elementor-element-d528c91 elementor-widget elementor-widget-image\" data-id=\"d528c91\" data-element_type=\"widget\" data-widget_type=\"image.default\">\n\t\t\t\t\t\t\t\t\t\t\t\t\t\t\t\t<a href=\"https:\/\/boopit.net\/paviwood\/wp-content\/uploads\/2026\/02\/2-Vinil-GREENFLOORING-Stone-900.pdf\" target=\"_blank\">\n\t\t\t\t\t\t\t<img loading=\"lazy\" decoding=\"async\" width=\"299\" height=\"421\" src=\"https:\/\/boopit.net\/paviwood\/wp-content\/uploads\/2026\/02\/capa-5.png\" class=\"attachment-full size-full wp-image-51999\" alt=\"\" \/>\t\t\t\t\t\t\t\t<\/a>\n\t\t\t\t\t\t\t\t\t\t\t\t\t\t\t<\/div>\n\t\t\t\t<div class=\"elementor-element elementor-element-a7cc0fc elementor-widget elementor-widget-heading\" data-id=\"a7cc0fc\" data-element_type=\"widget\" data-widget_type=\"heading.default\">\n\t\t\t\t\t<h2 class=\"elementor-heading-title elementor-size-default\"><a href=\"https:\/\/boopit.net\/paviwood\/wp-content\/uploads\/2026\/02\/2-Vinil-GREENFLOORING-Stone-900.pdf\" target=\"_blank\">Vinil SPC 5,5mm | Wear layer: 0,55mm | Resistante a \u00c1gua<\/a><\/h2>\t\t\t\t<\/div>\n\t\t\t\t<\/div>\n\t\t<div class=\"elementor-element elementor-element-e61c8ab e-con-full e-flex wpr-particle-no wpr-jarallax-no wpr-parallax-no wpr-sticky-section-no e-con e-child\" data-id=\"e61c8ab\" data-element_type=\"container\">\n\t\t\t\t<div class=\"elementor-element elementor-element-1575a9d elementor-widget elementor-widget-image\" data-id=\"1575a9d\" data-element_type=\"widget\" data-widget_type=\"image.default\">\n\t\t\t\t\t\t\t\t\t\t\t\t\t\t\t\t<a href=\"https:\/\/boopit.net\/paviwood\/wp-content\/uploads\/2026\/02\/2-Vinil-GREENFLOORING-Vintage-Herrigbone.pdf\" target=\"_blank\">\n\t\t\t\t\t\t\t<img loading=\"lazy\" decoding=\"async\" width=\"299\" height=\"421\" src=\"https:\/\/boopit.net\/paviwood\/wp-content\/uploads\/2026\/02\/capa-6.png\" class=\"attachment-full size-full wp-image-52004\" alt=\"\" \/>\t\t\t\t\t\t\t\t<\/a>\n\t\t\t\t\t\t\t\t\t\t\t\t\t\t\t<\/div>\n\t\t\t\t<div class=\"elementor-element elementor-element-9bd6fed elementor-widget elementor-widget-heading\" data-id=\"9bd6fed\" data-element_type=\"widget\" data-widget_type=\"heading.default\">\n\t\t\t\t\t<h2 class=\"elementor-heading-title elementor-size-default\"><a href=\"https:\/\/boopit.net\/paviwood\/wp-content\/uploads\/2026\/02\/2-Vinil-GREENFLOORING-Vintage-Herrigbone.pdf\" target=\"_blank\">Vinil SPC Herringbone 5,5mm | Wear layer: 0,55mm | Resistante a \u00c1gua<\/a><\/h2>\t\t\t\t<\/div>\n\t\t\t\t<\/div>\n\t\t<div class=\"elementor-element elementor-element-da8d405 e-con-full e-flex wpr-particle-no wpr-jarallax-no wpr-parallax-no wpr-sticky-section-no e-con e-child\" data-id=\"da8d405\" data-element_type=\"container\">\n\t\t\t\t<div class=\"elementor-element elementor-element-cb09207 elementor-widget elementor-widget-image\" data-id=\"cb09207\" data-element_type=\"widget\" data-widget_type=\"image.default\">\n\t\t\t\t\t\t\t\t\t\t\t\t\t\t\t\t<a href=\"https:\/\/boopit.net\/paviwood\/wp-content\/uploads\/2026\/02\/2-Vinil-GREENFLOORING-XL.pdf\" target=\"_blank\">\n\t\t\t\t\t\t\t<img loading=\"lazy\" decoding=\"async\" width=\"299\" height=\"421\" src=\"https:\/\/boopit.net\/paviwood\/wp-content\/uploads\/2026\/02\/capa-8.png\" class=\"attachment-full size-full wp-image-52008\" alt=\"\" \/>\t\t\t\t\t\t\t\t<\/a>\n\t\t\t\t\t\t\t\t\t\t\t\t\t\t\t<\/div>\n\t\t\t\t<div class=\"elementor-element elementor-element-86c65c8 elementor-widget elementor-widget-heading\" data-id=\"86c65c8\" data-element_type=\"widget\" data-widget_type=\"heading.default\">\n\t\t\t\t\t<h2 class=\"elementor-heading-title elementor-size-default\"><a href=\"https:\/\/boopit.net\/paviwood\/wp-content\/uploads\/2026\/02\/2-Vinil-GREENFLOORING-XL.pdf\" target=\"_blank\">Vinil SPC 5,5mm | Wear layer: 0,55mm | Resistante a \u00c1gua<\/a><\/h2>\t\t\t\t<\/div>\n\t\t\t\t<\/div>\n\t\t<div class=\"elementor-element elementor-element-e209774 e-con-full e-flex wpr-particle-no wpr-jarallax-no wpr-parallax-no wpr-sticky-section-no e-con e-child\" data-id=\"e209774\" data-element_type=\"container\">\n\t\t\t\t<div class=\"elementor-element elementor-element-65cbb6e elementor-widget elementor-widget-image\" data-id=\"65cbb6e\" data-element_type=\"widget\" data-widget_type=\"image.default\">\n\t\t\t\t\t\t\t\t\t\t\t\t\t\t\t\t<a href=\"https:\/\/boopit.net\/paviwood\/wp-content\/uploads\/2025\/12\/XX-2-Vinil-KAIZEN-AKUAWOOD.pdf\" target=\"_blank\">\n\t\t\t\t\t\t\t<img loading=\"lazy\" decoding=\"async\" width=\"299\" height=\"421\" src=\"https:\/\/boopit.net\/paviwood\/wp-content\/uploads\/2025\/12\/Captura-de-ecra-2025-12-22-162531.png\" class=\"attachment-full size-full wp-image-51830\" alt=\"\" \/>\t\t\t\t\t\t\t\t<\/a>\n\t\t\t\t\t\t\t\t\t\t\t\t\t\t\t<\/div>\n\t\t\t\t<div class=\"elementor-element elementor-element-c70ee87 elementor-widget elementor-widget-heading\" data-id=\"c70ee87\" data-element_type=\"widget\" data-widget_type=\"heading.default\">\n\t\t\t\t\t<h2 class=\"elementor-heading-title elementor-size-default\"><a href=\"https:\/\/boopit.net\/paviwood\/wp-content\/uploads\/2025\/12\/XX-2-Vinil-KAIZEN-AKUAWOOD.pdf\" target=\"_blank\">Vinil SPC 5,5mm | Wear layer: 0,55mm | Resistante a \u00c1gua<\/a><\/h2>\t\t\t\t<\/div>\n\t\t\t\t<\/div>\n\t\t<div class=\"elementor-element elementor-element-78192e2 e-con-full e-flex wpr-particle-no wpr-jarallax-no wpr-parallax-no wpr-sticky-section-no e-con e-child\" data-id=\"78192e2\" data-element_type=\"container\">\n\t\t\t\t<div class=\"elementor-element elementor-element-f324ca9 elementor-widget elementor-widget-image\" data-id=\"f324ca9\" data-element_type=\"widget\" data-widget_type=\"image.default\">\n\t\t\t\t\t\t\t\t\t\t\t\t\t\t\t\t<a href=\"https:\/\/boopit.net\/paviwood\/wp-content\/uploads\/2025\/12\/XX-2-Vinil-KAIZEN-AKUAWOOD.pdf\" target=\"_blank\">\n\t\t\t\t\t\t\t<img loading=\"lazy\" decoding=\"async\" width=\"299\" height=\"421\" src=\"https:\/\/boopit.net\/paviwood\/wp-content\/uploads\/2025\/12\/Captura-de-ecra-2025-12-22-162531.png\" class=\"attachment-full size-full wp-image-51830\" alt=\"\" \/>\t\t\t\t\t\t\t\t<\/a>\n\t\t\t\t\t\t\t\t\t\t\t\t\t\t\t<\/div>\n\t\t\t\t<div class=\"elementor-element elementor-element-aa68296 elementor-widget elementor-widget-heading\" data-id=\"aa68296\" data-element_type=\"widget\" data-widget_type=\"heading.default\">\n\t\t\t\t\t<h2 class=\"elementor-heading-title elementor-size-default\"><a href=\"https:\/\/boopit.net\/paviwood\/wp-content\/uploads\/2025\/12\/XX-2-Vinil-KAIZEN-AKUAWOOD.pdf\" target=\"_blank\">Vinil SPC 6,5mm | Wear layer: 0,70mm | Resistante a \u00c1gua<\/a><\/h2>\t\t\t\t<\/div>\n\t\t\t\t<\/div>\n\t\t\t\t\t<\/div>\n\t\t\t\t<\/div>\n\t\t\t\t<\/div>\n\t\t","protected":false},"excerpt":{"rendered":"<p>Vinil SPC 5,5mm | Wear layer: 0,50mm | Resistante a \u00c1gua Vinil SPC XL 6,5mm | Wear layer: 0,50mm | Resistante a \u00c1gua Vinil SPC 6,5mm | Wear layer: 0,50mm | Resistante a \u00c1gua Vinil WPC XL 8,0mm | Wear layer: 0,50mm | Resistante a \u00c1gua Vinil SPC 8,0mm | Wear layer: 0,50mm | Resistante a \u00c1gua Vinil FLOOR STEP 5,5mm Vinil FLOOR STEP Vinyl 6,5mm Vinil SPC 5,5mm | Wear layer: 0,55mm | Resistante a \u00c1gua Vinil SPC 5,5mm | Wear layer: 0,55mm | Resistante a \u00c1gua Vinil SPC 6,7mm | Wear layer: 0,70mm | Resistante a \u00c1gua Vinil SPC 5,5mm | Wear layer: 0,55mm | Resistante a \u00c1gua Vinil SPC Herringbone 5,5mm | Wear layer: 0,55mm | Resistante a \u00c1gua Vinil SPC 5,5mm | Wear layer: 0,55mm | Resistante a \u00c1gua Vinil SPC 5,5mm | Wear layer: 0,55mm | Resistante a \u00c1gua Vinil SPC 6,5mm | Wear layer: 0,70mm | Resistante a \u00c1gua<\/p>\n","protected":false},"author":1,"featured_media":0,"parent":0,"menu_order":0,"comment_status":"closed","ping_status":"closed","template":"","meta":{"_acf_changed":false,"_eb_attr":"","pagelayer_contact_templates":[],"_pagelayer_content":"","footnotes":""},"categoria":[256],"class_list":["post-51856","page","type-page","status-publish","hentry","categoria-pavimentos-em-vinil"],"acf":[],"_links":{"self":[{"href":"https:\/\/boopit.net\/paviwood\/wp-json\/wp\/v2\/pages\/51856","targetHints":{"allow":["GET"]}}],"collection":[{"href":"https:\/\/boopit.net\/paviwood\/wp-json\/wp\/v2\/pages"}],"about":[{"href":"https:\/\/boopit.net\/paviwood\/wp-json\/wp\/v2\/types\/page"}],"author":[{"embeddable":true,"href":"https:\/\/boopit.net\/paviwood\/wp-json\/wp\/v2\/users\/1"}],"replies":[{"embeddable":true,"href":"https:\/\/boopit.net\/paviwood\/wp-json\/wp\/v2\/comments?post=51856"}],"version-history":[{"count":28,"href":"https:\/\/boopit.net\/paviwood\/wp-json\/wp\/v2\/pages\/51856\/revisions"}],"predecessor-version":[{"id":52403,"href":"https:\/\/boopit.net\/paviwood\/wp-json\/wp\/v2\/pages\/51856\/revisions\/52403"}],"wp:attachment":[{"href":"https:\/\/boopit.net\/paviwood\/wp-json\/wp\/v2\/media?parent=51856"}],"wp:term":[{"taxonomy":"categoria","embeddable":true,"href":"https:\/\/boopit.net\/paviwood\/wp-json\/wp\/v2\/categoria?post=51856"}],"curies":[{"name":"wp","href":"https:\/\/api.w.org\/{rel}","templated":true}]}}